{"id":2485,"date":"2020-08-17T11:59:16","date_gmt":"2020-08-17T10:59:16","guid":{"rendered":"https:\/\/www.aubigny-sologne.com\/en\/?page_id=2485"},"modified":"2021-07-29T16:53:36","modified_gmt":"2021-07-29T14:53:36","slug":"menetreol-sur-sauldre","status":"publish","type":"page","link":"https:\/\/www.aubigny-sologne.com\/en\/jexplore\/destination-sauldre-sologne\/secrets-de-villages\/menetreol-sur-sauldre\/","title":{"rendered":"M\u00e9n\u00e9tr\u00e9ol-sur-Sauldre"},"content":{"rendered":"\n<p>This quiet <strong>Sologne<\/strong> village (216 inhabitants)&nbsp;is puzzling&nbsp;with its old tombstones belonging to some unknown rites. It was built on a peatbog ground. The \u00ab<strong>&nbsp;Landes&nbsp;\u00bb peatbog site<\/strong> in the eastern part of Sologne registered as&nbsp;a \u00ab&nbsp;frail nature reserve&nbsp;\u00bb is one of the last preserved peatbogs of the area. In this special damp space, sundew and sphagnum moss rival with birch-trees and weather.<\/p>\n","protected":false},"excerpt":{"rendered":"<p>This quiet Sologne village (216 inhabitants)&nbsp;is puzzling&nbsp;with its old tombstones belonging to some unknown rites. It was built on a peatbog ground. The \u00ab&nbsp;Landes&nbsp;\u00bb peatbog site in the eastern part of Sologne registered as&nbsp;a \u00ab&nbsp;frail nature reserve&nbsp;\u00bb is one of the last preserved peatbogs of the area. In this special damp space, sundew and sphagnum [&hellip;]<\/p>\n","protected":false},"author":3,"featured_media":4793,"parent":105,"menu_order":8,"comment_status":"closed","ping_status":"closed","template":"","meta":{"_relevanssi_hide_post":"","_relevanssi_pin_for_all":"","_relevanssi_pin_keywords":"","_relevanssi_unpin_keywords":"","_relevanssi_related_keywords":"","_relevanssi_related_include_ids":"","_relevanssi_related_exclude_ids":"","_relevanssi_related_no_append":"","_relevanssi_related_not_related":"","_relevanssi_related_posts":"2315,2299,2295,2297","_relevanssi_noindex_reason":""},"acf":[],"yoast_head":"<!-- This site is optimized with the Yoast SEO plugin v19.13 - https:\/\/yoast.com\/wordpress\/plugins\/seo\/ -->\n<title>M\u00e9n\u00e9tr\u00e9ol-sur-Sauldre - Sauldre et Sologne Inter-communal Tourist Office<\/title>\n<meta name=\"description\" content=\"M\u00e9n\u00e9tr\u00e9ol-sur-Sauldre is a peaceful village located in the heart of Sologne. The village is home to the \u00ab Landes \u00bb peatbog site.\" \/>\n<meta name=\"robots\" content=\"index, follow, max-snippet:-1, max-image-preview:large, max-video-preview:-1\" \/>\n<link rel=\"canonical\" href=\"https:\/\/www.aubigny-sologne.com\/en\/jexplore\/destination-sauldre-sologne\/secrets-de-villages\/menetreol-sur-sauldre\/\" \/>\n<meta property=\"og:locale\" content=\"en_GB\" \/>\n<meta property=\"og:type\" content=\"article\" \/>\n<meta property=\"og:title\" content=\"M\u00e9n\u00e9tr\u00e9ol-sur-Sauldre - Sauldre et Sologne Inter-communal Tourist Office\" \/>\n<meta property=\"og:description\" content=\"M\u00e9n\u00e9tr\u00e9ol-sur-Sauldre is a peaceful village located in the heart of Sologne. The village is home to the \u00ab Landes \u00bb peatbog site.\" \/>\n<meta property=\"og:url\" content=\"https:\/\/www.aubigny-sologne.com\/en\/jexplore\/destination-sauldre-sologne\/secrets-de-villages\/menetreol-sur-sauldre\/\" \/>\n<meta property=\"og:site_name\" content=\"Sauldre et Sologne Inter-communal Tourist Office\" \/>\n<meta property=\"article:publisher\" content=\"https:\/\/www.facebook.com\/berrysolognetourisme\" \/>\n<meta property=\"article:modified_time\" content=\"2021-07-29T14:53:36+00:00\" \/>\n<meta property=\"og:image\" content=\"https:\/\/www.aubigny-sologne.com\/en\/wp-content\/uploads\/sites\/2\/2020\/07\/9.jpg\" \/>\n\t<meta property=\"og:image:width\" content=\"900\" \/>\n\t<meta property=\"og:image:height\" content=\"1033\" \/>\n\t<meta property=\"og:image:type\" content=\"image\/jpeg\" \/>\n<meta name=\"twitter:card\" content=\"summary_large_image\" \/>\n<script type=\"application\/ld+json\" class=\"yoast-schema-graph\">{\"@context\":\"https:\/\/schema.org\",\"@graph\":[{\"@type\":\"WebPage\",\"@id\":\"https:\/\/www.aubigny-sologne.com\/en\/jexplore\/destination-sauldre-sologne\/secrets-de-villages\/menetreol-sur-sauldre\/\",\"url\":\"https:\/\/www.aubigny-sologne.com\/en\/jexplore\/destination-sauldre-sologne\/secrets-de-villages\/menetreol-sur-sauldre\/\",\"name\":\"M\u00e9n\u00e9tr\u00e9ol-sur-Sauldre - Sauldre et Sologne Inter-communal Tourist Office\",\"isPartOf\":{\"@id\":\"https:\/\/www.aubigny-sologne.com\/en\/#website\"},\"datePublished\":\"2020-08-17T10:59:16+00:00\",\"dateModified\":\"2021-07-29T14:53:36+00:00\",\"description\":\"M\u00e9n\u00e9tr\u00e9ol-sur-Sauldre is a peaceful village located in the heart of Sologne. The village is home to the \u00ab Landes \u00bb peatbog site.\",\"breadcrumb\":{\"@id\":\"https:\/\/www.aubigny-sologne.com\/en\/jexplore\/destination-sauldre-sologne\/secrets-de-villages\/menetreol-sur-sauldre\/#breadcrumb\"},\"inLanguage\":\"en-GB\",\"potentialAction\":[{\"@type\":\"ReadAction\",\"target\":[\"https:\/\/www.aubigny-sologne.com\/en\/jexplore\/destination-sauldre-sologne\/secrets-de-villages\/menetreol-sur-sauldre\/\"]}]},{\"@type\":\"BreadcrumbList\",\"@id\":\"https:\/\/www.aubigny-sologne.com\/en\/jexplore\/destination-sauldre-sologne\/secrets-de-villages\/menetreol-sur-sauldre\/#breadcrumb\",\"itemListElement\":[{\"@type\":\"ListItem\",\"position\":1,\"name\":\"Accueil\",\"item\":\"https:\/\/www.aubigny-sologne.com\/en\/\"},{\"@type\":\"ListItem\",\"position\":2,\"name\":\"To explore\",\"item\":\"https:\/\/www.aubigny-sologne.com\/en\/jexplore\/\"},{\"@type\":\"ListItem\",\"position\":3,\"name\":\"Sauldre and Sologne destination\",\"item\":\"https:\/\/www.aubigny-sologne.com\/en\/jexplore\/destination-sauldre-sologne\/\"},{\"@type\":\"ListItem\",\"position\":4,\"name\":\"Secret villages\",\"item\":\"https:\/\/www.aubigny-sologne.com\/en\/jexplore\/destination-sauldre-sologne\/secrets-de-villages\/\"},{\"@type\":\"ListItem\",\"position\":5,\"name\":\"M\u00e9n\u00e9tr\u00e9ol-sur-Sauldre\"}]},{\"@type\":\"WebSite\",\"@id\":\"https:\/\/www.aubigny-sologne.com\/en\/#website\",\"url\":\"https:\/\/www.aubigny-sologne.com\/en\/\",\"name\":\"Sauldre et Sologne Inter-communal Tourist Office\",\"description\":\"\",\"potentialAction\":[{\"@type\":\"SearchAction\",\"target\":{\"@type\":\"EntryPoint\",\"urlTemplate\":\"https:\/\/www.aubigny-sologne.com\/en\/?s={search_term_string}\"},\"query-input\":\"required name=search_term_string\"}],\"inLanguage\":\"en-GB\"}]}<\/script>\n<!-- \/ Yoast SEO plugin. -->","yoast_head_json":{"title":"M\u00e9n\u00e9tr\u00e9ol-sur-Sauldre - Sauldre et Sologne Inter-communal Tourist Office","description":"M\u00e9n\u00e9tr\u00e9ol-sur-Sauldre is a peaceful village located in the heart of Sologne. The village is home to the \u00ab Landes \u00bb peatbog site.","robots":{"index":"index","follow":"follow","max-snippet":"max-snippet:-1","max-image-preview":"max-image-preview:large","max-video-preview":"max-video-preview:-1"},"canonical":"https:\/\/www.aubigny-sologne.com\/en\/jexplore\/destination-sauldre-sologne\/secrets-de-villages\/menetreol-sur-sauldre\/","og_locale":"en_GB","og_type":"article","og_title":"M\u00e9n\u00e9tr\u00e9ol-sur-Sauldre - Sauldre et Sologne Inter-communal Tourist Office","og_description":"M\u00e9n\u00e9tr\u00e9ol-sur-Sauldre is a peaceful village located in the heart of Sologne. The village is home to the \u00ab Landes \u00bb peatbog site.","og_url":"https:\/\/www.aubigny-sologne.com\/en\/jexplore\/destination-sauldre-sologne\/secrets-de-villages\/menetreol-sur-sauldre\/","og_site_name":"Sauldre et Sologne Inter-communal Tourist Office","article_publisher":"https:\/\/www.facebook.com\/berrysolognetourisme","article_modified_time":"2021-07-29T14:53:36+00:00","og_image":[{"width":900,"height":1033,"url":"https:\/\/www.aubigny-sologne.com\/en\/wp-content\/uploads\/sites\/2\/2020\/07\/9.jpg","type":"image\/jpeg"}],"twitter_card":"summary_large_image","schema":{"@context":"https:\/\/schema.org","@graph":[{"@type":"WebPage","@id":"https:\/\/www.aubigny-sologne.com\/en\/jexplore\/destination-sauldre-sologne\/secrets-de-villages\/menetreol-sur-sauldre\/","url":"https:\/\/www.aubigny-sologne.com\/en\/jexplore\/destination-sauldre-sologne\/secrets-de-villages\/menetreol-sur-sauldre\/","name":"M\u00e9n\u00e9tr\u00e9ol-sur-Sauldre - Sauldre et Sologne Inter-communal Tourist Office","isPartOf":{"@id":"https:\/\/www.aubigny-sologne.com\/en\/#website"},"datePublished":"2020-08-17T10:59:16+00:00","dateModified":"2021-07-29T14:53:36+00:00","description":"M\u00e9n\u00e9tr\u00e9ol-sur-Sauldre is a peaceful village located in the heart of Sologne. The village is home to the \u00ab Landes \u00bb peatbog site.","breadcrumb":{"@id":"https:\/\/www.aubigny-sologne.com\/en\/jexplore\/destination-sauldre-sologne\/secrets-de-villages\/menetreol-sur-sauldre\/#breadcrumb"},"inLanguage":"en-GB","potentialAction":[{"@type":"ReadAction","target":["https:\/\/www.aubigny-sologne.com\/en\/jexplore\/destination-sauldre-sologne\/secrets-de-villages\/menetreol-sur-sauldre\/"]}]},{"@type":"BreadcrumbList","@id":"https:\/\/www.aubigny-sologne.com\/en\/jexplore\/destination-sauldre-sologne\/secrets-de-villages\/menetreol-sur-sauldre\/#breadcrumb","itemListElement":[{"@type":"ListItem","position":1,"name":"Accueil","item":"https:\/\/www.aubigny-sologne.com\/en\/"},{"@type":"ListItem","position":2,"name":"To explore","item":"https:\/\/www.aubigny-sologne.com\/en\/jexplore\/"},{"@type":"ListItem","position":3,"name":"Sauldre and Sologne destination","item":"https:\/\/www.aubigny-sologne.com\/en\/jexplore\/destination-sauldre-sologne\/"},{"@type":"ListItem","position":4,"name":"Secret villages","item":"https:\/\/www.aubigny-sologne.com\/en\/jexplore\/destination-sauldre-sologne\/secrets-de-villages\/"},{"@type":"ListItem","position":5,"name":"M\u00e9n\u00e9tr\u00e9ol-sur-Sauldre"}]},{"@type":"WebSite","@id":"https:\/\/www.aubigny-sologne.com\/en\/#website","url":"https:\/\/www.aubigny-sologne.com\/en\/","name":"Sauldre et Sologne Inter-communal Tourist Office","description":"","potentialAction":[{"@type":"SearchAction","target":{"@type":"EntryPoint","urlTemplate":"https:\/\/www.aubigny-sologne.com\/en\/?s={search_term_string}"},"query-input":"required name=search_term_string"}],"inLanguage":"en-GB"}]}},"_links":{"self":[{"href":"https:\/\/www.aubigny-sologne.com\/en\/wp-json\/wp\/v2\/pages\/2485"}],"collection":[{"href":"https:\/\/www.aubigny-sologne.com\/en\/wp-json\/wp\/v2\/pages"}],"about":[{"href":"https:\/\/www.aubigny-sologne.com\/en\/wp-json\/wp\/v2\/types\/page"}],"author":[{"embeddable":true,"href":"https:\/\/www.aubigny-sologne.com\/en\/wp-json\/wp\/v2\/users\/3"}],"replies":[{"embeddable":true,"href":"https:\/\/www.aubigny-sologne.com\/en\/wp-json\/wp\/v2\/comments?post=2485"}],"version-history":[{"count":5,"href":"https:\/\/www.aubigny-sologne.com\/en\/wp-json\/wp\/v2\/pages\/2485\/revisions"}],"predecessor-version":[{"id":8442,"href":"https:\/\/www.aubigny-sologne.com\/en\/wp-json\/wp\/v2\/pages\/2485\/revisions\/8442"}],"up":[{"embeddable":true,"href":"https:\/\/www.aubigny-sologne.com\/en\/wp-json\/wp\/v2\/pages\/105"}],"wp:featuredmedia":[{"embeddable":true,"href":"https:\/\/www.aubigny-sologne.com\/en\/wp-json\/wp\/v2\/media\/4793"}],"wp:attachment":[{"href":"https:\/\/www.aubigny-sologne.com\/en\/wp-json\/wp\/v2\/media?parent=2485"}],"curies":[{"name":"wp","href":"https:\/\/api.w.org\/{rel}","templated":true}]}}