{"id":179,"date":"2020-08-17T11:59:16","date_gmt":"2020-08-17T10:59:16","guid":{"rendered":"https:\/\/www.aubigny-sologne.com\/en\/venir-en-sauldre-sologne\/"},"modified":"2020-09-22T18:45:18","modified_gmt":"2020-09-22T16:45:18","slug":"venir-en-sauldre-sologne","status":"publish","type":"page","link":"https:\/\/www.aubigny-sologne.com\/en\/je-morganise\/mes-infos-pratiques\/venir-en-sauldre-sologne\/","title":{"rendered":"Traveller information"},"content":{"rendered":"\n<h3>By motorway<\/h3>\n\n\n\n<ul><li>A71<\/li><li>A20<\/li><li>A85<\/li><li>A77<\/li><\/ul>\n\n\n\n<h3>By train<\/h3>\n\n\n\n<ul><li>Gien station<\/li><li>Vierzon station<\/li><li>Bourges station<\/li><\/ul>\n\n\n\n<h3>By bus<\/h3>\n\n\n\n<ul><li>From Bourges : Bus line 100 of R\u00e9mi (in the direction of Argent-sur-Sauldre)<\/li><li>From Gien : Bus line 437 of R\u00e9mi (in the direction of Aubigny-sur-N\u00e8re)<\/li><\/ul>\n\n\n\n<h3>Some distances<\/h3>\n\n\n\n<ul><li>Bourges : 45 min <\/li><li>Orl\u00e9ans : 1h <\/li><li>Paris : 2h<\/li><li>Tours : 2h<\/li><li>Clermont-Ferrand : 2h30<\/li><li>Lyon : 4h<\/li><\/ul>\n","protected":false},"excerpt":{"rendered":"<p>By motorway A71 A20 A85 A77 By train Gien station Vierzon station Bourges station By bus From Bourges : Bus line 100 of R\u00e9mi (in the direction of Argent-sur-Sauldre) From Gien : Bus line 437 of R\u00e9mi (in the direction of Aubigny-sur-N\u00e8re) Some distances Bourges : 45 min Orl\u00e9ans : 1h Paris : 2h Tours [&hellip;]<\/p>\n","protected":false},"author":1,"featured_media":3345,"parent":95,"menu_order":20,"comment_status":"closed","ping_status":"closed","template":"","meta":{"_relevanssi_hide_post":"","_relevanssi_pin_for_all":"","_relevanssi_pin_keywords":"","_relevanssi_unpin_keywords":"","_relevanssi_related_keywords":"","_relevanssi_related_include_ids":"","_relevanssi_related_exclude_ids":"","_relevanssi_related_no_append":"","_relevanssi_related_not_related":"","_relevanssi_related_posts":"2315,2299,2295,2297","_relevanssi_noindex_reason":""},"acf":[],"yoast_head":"<!-- This site is optimized with the Yoast SEO plugin v19.13 - https:\/\/yoast.com\/wordpress\/plugins\/seo\/ -->\n<title>Traveller information - Sauldre et Sologne Inter-communal Tourist Office<\/title>\n<meta name=\"description\" content=\"Want to come in Sauldre and Sologne ? Prepare your itinerary by discovering your explanations on how to come by car, train or bus.\" \/>\n<meta name=\"robots\" content=\"index, follow, max-snippet:-1, max-image-preview:large, max-video-preview:-1\" \/>\n<link rel=\"canonical\" href=\"https:\/\/www.aubigny-sologne.com\/en\/je-morganise\/mes-infos-pratiques\/venir-en-sauldre-sologne\/\" \/>\n<meta property=\"og:locale\" content=\"en_GB\" \/>\n<meta property=\"og:type\" content=\"article\" \/>\n<meta property=\"og:title\" content=\"Traveller information - Sauldre et Sologne Inter-communal Tourist Office\" \/>\n<meta property=\"og:description\" content=\"Want to come in Sauldre and Sologne ? Prepare your itinerary by discovering your explanations on how to come by car, train or bus.\" \/>\n<meta property=\"og:url\" content=\"https:\/\/www.aubigny-sologne.com\/en\/je-morganise\/mes-infos-pratiques\/venir-en-sauldre-sologne\/\" \/>\n<meta property=\"og:site_name\" content=\"Sauldre et Sologne Inter-communal Tourist Office\" \/>\n<meta property=\"article:publisher\" content=\"https:\/\/www.facebook.com\/berrysolognetourisme\" \/>\n<meta property=\"article:modified_time\" content=\"2020-09-22T16:45:18+00:00\" \/>\n<meta property=\"og:image\" content=\"https:\/\/www.aubigny-sologne.com\/en\/wp-content\/uploads\/sites\/2\/2020\/05\/weather-vane-1993137_1920-Copier.jpg\" \/>\n\t<meta property=\"og:image:width\" content=\"1200\" \/>\n\t<meta property=\"og:image:height\" content=\"900\" \/>\n\t<meta property=\"og:image:type\" content=\"image\/jpeg\" \/>\n<meta name=\"twitter:card\" content=\"summary_large_image\" \/>\n<script type=\"application\/ld+json\" class=\"yoast-schema-graph\">{\"@context\":\"https:\/\/schema.org\",\"@graph\":[{\"@type\":\"WebPage\",\"@id\":\"https:\/\/www.aubigny-sologne.com\/en\/je-morganise\/mes-infos-pratiques\/venir-en-sauldre-sologne\/\",\"url\":\"https:\/\/www.aubigny-sologne.com\/en\/je-morganise\/mes-infos-pratiques\/venir-en-sauldre-sologne\/\",\"name\":\"Traveller information - Sauldre et Sologne Inter-communal Tourist Office\",\"isPartOf\":{\"@id\":\"https:\/\/www.aubigny-sologne.com\/en\/#website\"},\"datePublished\":\"2020-08-17T10:59:16+00:00\",\"dateModified\":\"2020-09-22T16:45:18+00:00\",\"description\":\"Want to come in Sauldre and Sologne ? Prepare your itinerary by discovering your explanations on how to come by car, train or bus.\",\"breadcrumb\":{\"@id\":\"https:\/\/www.aubigny-sologne.com\/en\/je-morganise\/mes-infos-pratiques\/venir-en-sauldre-sologne\/#breadcrumb\"},\"inLanguage\":\"en-GB\",\"potentialAction\":[{\"@type\":\"ReadAction\",\"target\":[\"https:\/\/www.aubigny-sologne.com\/en\/je-morganise\/mes-infos-pratiques\/venir-en-sauldre-sologne\/\"]}]},{\"@type\":\"BreadcrumbList\",\"@id\":\"https:\/\/www.aubigny-sologne.com\/en\/je-morganise\/mes-infos-pratiques\/venir-en-sauldre-sologne\/#breadcrumb\",\"itemListElement\":[{\"@type\":\"ListItem\",\"position\":1,\"name\":\"Accueil\",\"item\":\"https:\/\/www.aubigny-sologne.com\/en\/\"},{\"@type\":\"ListItem\",\"position\":2,\"name\":\"To organize\",\"item\":\"https:\/\/www.aubigny-sologne.com\/en\/je-morganise\/\"},{\"@type\":\"ListItem\",\"position\":3,\"name\":\"Practical information\",\"item\":\"https:\/\/www.aubigny-sologne.com\/en\/je-morganise\/mes-infos-pratiques\/\"},{\"@type\":\"ListItem\",\"position\":4,\"name\":\"Traveller information\"}]},{\"@type\":\"WebSite\",\"@id\":\"https:\/\/www.aubigny-sologne.com\/en\/#website\",\"url\":\"https:\/\/www.aubigny-sologne.com\/en\/\",\"name\":\"Sauldre et Sologne Inter-communal Tourist Office\",\"description\":\"\",\"potentialAction\":[{\"@type\":\"SearchAction\",\"target\":{\"@type\":\"EntryPoint\",\"urlTemplate\":\"https:\/\/www.aubigny-sologne.com\/en\/?s={search_term_string}\"},\"query-input\":\"required name=search_term_string\"}],\"inLanguage\":\"en-GB\"}]}<\/script>\n<!-- \/ Yoast SEO plugin. -->","yoast_head_json":{"title":"Traveller information - Sauldre et Sologne Inter-communal Tourist Office","description":"Want to come in Sauldre and Sologne ? Prepare your itinerary by discovering your explanations on how to come by car, train or bus.","robots":{"index":"index","follow":"follow","max-snippet":"max-snippet:-1","max-image-preview":"max-image-preview:large","max-video-preview":"max-video-preview:-1"},"canonical":"https:\/\/www.aubigny-sologne.com\/en\/je-morganise\/mes-infos-pratiques\/venir-en-sauldre-sologne\/","og_locale":"en_GB","og_type":"article","og_title":"Traveller information - Sauldre et Sologne Inter-communal Tourist Office","og_description":"Want to come in Sauldre and Sologne ? Prepare your itinerary by discovering your explanations on how to come by car, train or bus.","og_url":"https:\/\/www.aubigny-sologne.com\/en\/je-morganise\/mes-infos-pratiques\/venir-en-sauldre-sologne\/","og_site_name":"Sauldre et Sologne Inter-communal Tourist Office","article_publisher":"https:\/\/www.facebook.com\/berrysolognetourisme","article_modified_time":"2020-09-22T16:45:18+00:00","og_image":[{"width":1200,"height":900,"url":"https:\/\/www.aubigny-sologne.com\/en\/wp-content\/uploads\/sites\/2\/2020\/05\/weather-vane-1993137_1920-Copier.jpg","type":"image\/jpeg"}],"twitter_card":"summary_large_image","schema":{"@context":"https:\/\/schema.org","@graph":[{"@type":"WebPage","@id":"https:\/\/www.aubigny-sologne.com\/en\/je-morganise\/mes-infos-pratiques\/venir-en-sauldre-sologne\/","url":"https:\/\/www.aubigny-sologne.com\/en\/je-morganise\/mes-infos-pratiques\/venir-en-sauldre-sologne\/","name":"Traveller information - Sauldre et Sologne Inter-communal Tourist Office","isPartOf":{"@id":"https:\/\/www.aubigny-sologne.com\/en\/#website"},"datePublished":"2020-08-17T10:59:16+00:00","dateModified":"2020-09-22T16:45:18+00:00","description":"Want to come in Sauldre and Sologne ? Prepare your itinerary by discovering your explanations on how to come by car, train or bus.","breadcrumb":{"@id":"https:\/\/www.aubigny-sologne.com\/en\/je-morganise\/mes-infos-pratiques\/venir-en-sauldre-sologne\/#breadcrumb"},"inLanguage":"en-GB","potentialAction":[{"@type":"ReadAction","target":["https:\/\/www.aubigny-sologne.com\/en\/je-morganise\/mes-infos-pratiques\/venir-en-sauldre-sologne\/"]}]},{"@type":"BreadcrumbList","@id":"https:\/\/www.aubigny-sologne.com\/en\/je-morganise\/mes-infos-pratiques\/venir-en-sauldre-sologne\/#breadcrumb","itemListElement":[{"@type":"ListItem","position":1,"name":"Accueil","item":"https:\/\/www.aubigny-sologne.com\/en\/"},{"@type":"ListItem","position":2,"name":"To organize","item":"https:\/\/www.aubigny-sologne.com\/en\/je-morganise\/"},{"@type":"ListItem","position":3,"name":"Practical information","item":"https:\/\/www.aubigny-sologne.com\/en\/je-morganise\/mes-infos-pratiques\/"},{"@type":"ListItem","position":4,"name":"Traveller information"}]},{"@type":"WebSite","@id":"https:\/\/www.aubigny-sologne.com\/en\/#website","url":"https:\/\/www.aubigny-sologne.com\/en\/","name":"Sauldre et Sologne Inter-communal Tourist Office","description":"","potentialAction":[{"@type":"SearchAction","target":{"@type":"EntryPoint","urlTemplate":"https:\/\/www.aubigny-sologne.com\/en\/?s={search_term_string}"},"query-input":"required name=search_term_string"}],"inLanguage":"en-GB"}]}},"_links":{"self":[{"href":"https:\/\/www.aubigny-sologne.com\/en\/wp-json\/wp\/v2\/pages\/179"}],"collection":[{"href":"https:\/\/www.aubigny-sologne.com\/en\/wp-json\/wp\/v2\/pages"}],"about":[{"href":"https:\/\/www.aubigny-sologne.com\/en\/wp-json\/wp\/v2\/types\/page"}],"author":[{"embeddable":true,"href":"https:\/\/www.aubigny-sologne.com\/en\/wp-json\/wp\/v2\/users\/1"}],"replies":[{"embeddable":true,"href":"https:\/\/www.aubigny-sologne.com\/en\/wp-json\/wp\/v2\/comments?post=179"}],"version-history":[{"count":2,"href":"https:\/\/www.aubigny-sologne.com\/en\/wp-json\/wp\/v2\/pages\/179\/revisions"}],"predecessor-version":[{"id":6595,"href":"https:\/\/www.aubigny-sologne.com\/en\/wp-json\/wp\/v2\/pages\/179\/revisions\/6595"}],"up":[{"embeddable":true,"href":"https:\/\/www.aubigny-sologne.com\/en\/wp-json\/wp\/v2\/pages\/95"}],"wp:featuredmedia":[{"embeddable":true,"href":"https:\/\/www.aubigny-sologne.com\/en\/wp-json\/wp\/v2\/media\/3345"}],"wp:attachment":[{"href":"https:\/\/www.aubigny-sologne.com\/en\/wp-json\/wp\/v2\/media?parent=179"}],"curies":[{"name":"wp","href":"https:\/\/api.w.org\/{rel}","templated":true}]}}