{"id":177,"date":"2020-08-17T11:59:16","date_gmt":"2020-08-17T10:59:16","guid":{"rendered":"https:\/\/www.aubigny-sologne.com\/en\/loffice-de-tourisme-a-votre-service\/"},"modified":"2021-04-21T11:51:23","modified_gmt":"2021-04-21T09:51:23","slug":"loffice-de-tourisme-a-votre-service","status":"publish","type":"page","link":"https:\/\/www.aubigny-sologne.com\/en\/je-morganise\/mes-infos-pratiques\/loffice-de-tourisme-a-votre-service\/","title":{"rendered":"The tourist office at your service"},"content":{"rendered":"\n<p class=\"is-style-excerpt\">The Sauldre and Sologne tourist office welcome you all year long.<\/p>\n\n\n\n<p>The team of the tourist office will be keen to inform you on all the activities to do, the sites to visit, the good addresses to try and the news of the destination. You will have everything in hands to prepare your trip and spend an excellent stay. <\/p>\n\n\n\n<figure class=\"wp-block-image alignwide\"><img loading=\"lazy\" width=\"880\" height=\"496\" data-src=\"https:\/\/www.aubigny-sologne.com\/en\/wp-content\/uploads\/sites\/2\/2020\/05\/OT-1.jpg\" alt=\"Office de Tourisme Sauldre et Sologne\" class=\"wp-image-3405\" data-srcset=\"https:\/\/www.aubigny-sologne.com\/en\/wp-content\/uploads\/sites\/2\/2020\/05\/OT-1.jpg 880w, https:\/\/www.aubigny-sologne.com\/en\/wp-content\/uploads\/sites\/2\/2020\/05\/OT-1-200x113.jpg 200w, https:\/\/www.aubigny-sologne.com\/en\/wp-content\/uploads\/sites\/2\/2020\/05\/OT-1-400x225.jpg 400w\" sizes=\"(max-width: 880px) 100vw, 880px\" \/><\/figure>\n\n\n\n<h2>Opening times of the tourist office, Aubigny-sur-N\u00e8re<\/h2>\n\n\n\n<div class=\"wp-block-columns\">\n<div class=\"wp-block-column\">\n<p class=\"has-text-align-center\"><strong>October to April <\/strong><\/p>\n\n\n\n<ul><li>Monday : 10am &#8211; 1pm \/ 2pm &#8211; 5pm<\/li><li>Tuesday to Friday : 10am &#8211; 5pm<\/li><li>Saturday : 10am &#8211; 1pm<\/li><\/ul>\n\n\n\n<ul><li>Bank holidays (Easter week-end) : 10am &#8211; 1pm  <\/li><\/ul>\n<\/div>\n\n\n\n<div class=\"wp-block-column\">\n<p class=\"has-text-align-center\"><strong> May to September <\/strong><\/p>\n\n\n\n<ul><li>Monday to Saturday : 10am &#8211; 7pm <\/li><li>Sunday : 10am &#8211; 1pm \/ 2pm &#8211; 5pm <\/li><\/ul>\n\n\n\n<ul><li> Bank holidays : 10am &#8211; 1am \/ 2pm &#8211; 5pm <\/li><\/ul>\n<\/div>\n<\/div>\n\n\n\n\n<div class=\"wp-block-highlight clear\">\n    \n    <img data-src=\"https:\/\/www.aubigny-sologne.com\/en\/wp-content\/themes\/sauldresologne\/assets\/dist\/images\/interface\/patterns\/pattern2.svg\" alt=\"\" aria-hidden=\"true\">\n\n            <h3 class=\"wp-block-highlight-item wp-block-highlight-title\">Contact<\/h3>\n    \n    <p class=\"wp-block-highlight-item wp-block-highlight-excerpt\">Address : 1 rue de l&#8217;\u00e9glise, 18700 Aubigny-sur-N\u00e8re<br>Email : accueil.tourisme@sauldre-sologne.fr<br>Phone number : 02 48 58 40 20 <\/p>\n<\/div>\n\n\n<h2>Opening times of the tourist office, Nan\u00e7ay<\/h2>\n\n\n\n<p><strong>May<\/strong><\/p>\n\n\n\n<ul><li>Tuesday to Friday : 10am &#8211; 1pm \/ 2pm &#8211; 5pm<\/li><li>Saturday : 10am &#8211; 1pm<\/li><\/ul>\n\n\n\n<p><strong>June to September<\/strong><\/p>\n\n\n\n<ul><li>Monday to Saturday : 10am &#8211; 1pm \/ 2pm &#8211; 6.30pm<\/li><li>Sunday : 10am &#8211; 1pm \/ 2pm &#8211; 5pm<\/li><\/ul>\n\n\n\n<ul><li>Bank holidays : 10am &#8211; 1am \/ 2pm &#8211; 5pm<\/li><\/ul>\n\n\n\n\n<div class=\"wp-block-highlight clear\">\n    \n    <img data-src=\"https:\/\/www.aubigny-sologne.com\/en\/wp-content\/themes\/sauldresologne\/assets\/dist\/images\/interface\/patterns\/pattern2.svg\" alt=\"\" aria-hidden=\"true\">\n\n            <h3 class=\"wp-block-highlight-item wp-block-highlight-title\">Contact<\/h3>\n    \n    <p class=\"wp-block-highlight-item wp-block-highlight-excerpt\">Address : \u00a05 rue du Ch\u00e2teau, 18330 Nan\u00e7ay<br>Email : accueil.tourisme@sauldre-sologne.fr<br>Phone number : 02 48 58 40 20<\/p>\n<\/div>","protected":false},"excerpt":{"rendered":"<p>The Sauldre and Sologne tourist office welcome you all year long. The team of the tourist office will be keen to inform you on all the activities to do, the sites to visit, the good addresses to try and the news of the destination. You will have everything in hands to prepare your trip and [&hellip;]<\/p>\n","protected":false},"author":1,"featured_media":3051,"parent":95,"menu_order":10,"comment_status":"closed","ping_status":"closed","template":"","meta":{"_relevanssi_hide_post":"","_relevanssi_pin_for_all":"","_relevanssi_pin_keywords":"","_relevanssi_unpin_keywords":"","_relevanssi_related_keywords":"","_relevanssi_related_include_ids":"","_relevanssi_related_exclude_ids":"","_relevanssi_related_no_append":"","_relevanssi_related_not_related":"","_relevanssi_related_posts":"2315,2297,2299,2295","_relevanssi_noindex_reason":""},"acf":[],"yoast_head":"<!-- This site is optimized with the Yoast SEO plugin v19.13 - https:\/\/yoast.com\/wordpress\/plugins\/seo\/ -->\n<title>The tourist office at your service - Sauldre et Sologne Inter-communal Tourist Office<\/title>\n<meta name=\"description\" content=\"L&#039;office de tourisme \u00e0 c\u0153ur de vous informer sur les activit\u00e9s, sites, bonnes adresses afin de pr\u00e9parer et passer un excellent s\u00e9jour en Sauldre et Sologne.\" \/>\n<meta name=\"robots\" content=\"index, follow, max-snippet:-1, max-image-preview:large, max-video-preview:-1\" \/>\n<link rel=\"canonical\" href=\"https:\/\/www.aubigny-sologne.com\/en\/je-morganise\/mes-infos-pratiques\/loffice-de-tourisme-a-votre-service\/\" \/>\n<meta property=\"og:locale\" content=\"en_GB\" \/>\n<meta property=\"og:type\" content=\"article\" \/>\n<meta property=\"og:title\" content=\"The tourist office at your service - Sauldre et Sologne Inter-communal Tourist Office\" \/>\n<meta property=\"og:description\" content=\"L&#039;office de tourisme \u00e0 c\u0153ur de vous informer sur les activit\u00e9s, sites, bonnes adresses afin de pr\u00e9parer et passer un excellent s\u00e9jour en Sauldre et Sologne.\" \/>\n<meta property=\"og:url\" content=\"https:\/\/www.aubigny-sologne.com\/en\/je-morganise\/mes-infos-pratiques\/loffice-de-tourisme-a-votre-service\/\" \/>\n<meta property=\"og:site_name\" content=\"Sauldre et Sologne Inter-communal Tourist Office\" \/>\n<meta property=\"article:publisher\" content=\"https:\/\/www.facebook.com\/berrysolognetourisme\" \/>\n<meta property=\"article:modified_time\" content=\"2021-04-21T09:51:23+00:00\" \/>\n<meta property=\"og:image\" content=\"https:\/\/www.aubigny-sologne.com\/en\/wp-content\/uploads\/sites\/2\/2020\/05\/ot4.jpg\" \/>\n\t<meta property=\"og:image:width\" content=\"400\" \/>\n\t<meta property=\"og:image:height\" content=\"333\" \/>\n\t<meta property=\"og:image:type\" content=\"image\/jpeg\" \/>\n<meta name=\"twitter:card\" content=\"summary_large_image\" \/>\n<meta name=\"twitter:label1\" content=\"Estimated reading time\" \/>\n\t<meta name=\"twitter:data1\" content=\"1 minute\" \/>\n<script type=\"application\/ld+json\" class=\"yoast-schema-graph\">{\"@context\":\"https:\/\/schema.org\",\"@graph\":[{\"@type\":\"WebPage\",\"@id\":\"https:\/\/www.aubigny-sologne.com\/en\/je-morganise\/mes-infos-pratiques\/loffice-de-tourisme-a-votre-service\/\",\"url\":\"https:\/\/www.aubigny-sologne.com\/en\/je-morganise\/mes-infos-pratiques\/loffice-de-tourisme-a-votre-service\/\",\"name\":\"The tourist office at your service - Sauldre et Sologne Inter-communal Tourist Office\",\"isPartOf\":{\"@id\":\"https:\/\/www.aubigny-sologne.com\/en\/#website\"},\"datePublished\":\"2020-08-17T10:59:16+00:00\",\"dateModified\":\"2021-04-21T09:51:23+00:00\",\"description\":\"L'office de tourisme \u00e0 c\u0153ur de vous informer sur les activit\u00e9s, sites, bonnes adresses afin de pr\u00e9parer et passer un excellent s\u00e9jour en Sauldre et Sologne.\",\"breadcrumb\":{\"@id\":\"https:\/\/www.aubigny-sologne.com\/en\/je-morganise\/mes-infos-pratiques\/loffice-de-tourisme-a-votre-service\/#breadcrumb\"},\"inLanguage\":\"en-GB\",\"potentialAction\":[{\"@type\":\"ReadAction\",\"target\":[\"https:\/\/www.aubigny-sologne.com\/en\/je-morganise\/mes-infos-pratiques\/loffice-de-tourisme-a-votre-service\/\"]}]},{\"@type\":\"BreadcrumbList\",\"@id\":\"https:\/\/www.aubigny-sologne.com\/en\/je-morganise\/mes-infos-pratiques\/loffice-de-tourisme-a-votre-service\/#breadcrumb\",\"itemListElement\":[{\"@type\":\"ListItem\",\"position\":1,\"name\":\"Accueil\",\"item\":\"https:\/\/www.aubigny-sologne.com\/en\/\"},{\"@type\":\"ListItem\",\"position\":2,\"name\":\"To organize\",\"item\":\"https:\/\/www.aubigny-sologne.com\/en\/je-morganise\/\"},{\"@type\":\"ListItem\",\"position\":3,\"name\":\"Practical information\",\"item\":\"https:\/\/www.aubigny-sologne.com\/en\/je-morganise\/mes-infos-pratiques\/\"},{\"@type\":\"ListItem\",\"position\":4,\"name\":\"The tourist office at your service\"}]},{\"@type\":\"WebSite\",\"@id\":\"https:\/\/www.aubigny-sologne.com\/en\/#website\",\"url\":\"https:\/\/www.aubigny-sologne.com\/en\/\",\"name\":\"Sauldre et Sologne Inter-communal Tourist Office\",\"description\":\"\",\"potentialAction\":[{\"@type\":\"SearchAction\",\"target\":{\"@type\":\"EntryPoint\",\"urlTemplate\":\"https:\/\/www.aubigny-sologne.com\/en\/?s={search_term_string}\"},\"query-input\":\"required name=search_term_string\"}],\"inLanguage\":\"en-GB\"}]}<\/script>\n<!-- \/ Yoast SEO plugin. -->","yoast_head_json":{"title":"The tourist office at your service - Sauldre et Sologne Inter-communal Tourist Office","description":"L'office de tourisme \u00e0 c\u0153ur de vous informer sur les activit\u00e9s, sites, bonnes adresses afin de pr\u00e9parer et passer un excellent s\u00e9jour en Sauldre et Sologne.","robots":{"index":"index","follow":"follow","max-snippet":"max-snippet:-1","max-image-preview":"max-image-preview:large","max-video-preview":"max-video-preview:-1"},"canonical":"https:\/\/www.aubigny-sologne.com\/en\/je-morganise\/mes-infos-pratiques\/loffice-de-tourisme-a-votre-service\/","og_locale":"en_GB","og_type":"article","og_title":"The tourist office at your service - Sauldre et Sologne Inter-communal Tourist Office","og_description":"L'office de tourisme \u00e0 c\u0153ur de vous informer sur les activit\u00e9s, sites, bonnes adresses afin de pr\u00e9parer et passer un excellent s\u00e9jour en Sauldre et Sologne.","og_url":"https:\/\/www.aubigny-sologne.com\/en\/je-morganise\/mes-infos-pratiques\/loffice-de-tourisme-a-votre-service\/","og_site_name":"Sauldre et Sologne Inter-communal Tourist Office","article_publisher":"https:\/\/www.facebook.com\/berrysolognetourisme","article_modified_time":"2021-04-21T09:51:23+00:00","og_image":[{"width":400,"height":333,"url":"https:\/\/www.aubigny-sologne.com\/en\/wp-content\/uploads\/sites\/2\/2020\/05\/ot4.jpg","type":"image\/jpeg"}],"twitter_card":"summary_large_image","twitter_misc":{"Estimated reading time":"1 minute"},"schema":{"@context":"https:\/\/schema.org","@graph":[{"@type":"WebPage","@id":"https:\/\/www.aubigny-sologne.com\/en\/je-morganise\/mes-infos-pratiques\/loffice-de-tourisme-a-votre-service\/","url":"https:\/\/www.aubigny-sologne.com\/en\/je-morganise\/mes-infos-pratiques\/loffice-de-tourisme-a-votre-service\/","name":"The tourist office at your service - Sauldre et Sologne Inter-communal Tourist Office","isPartOf":{"@id":"https:\/\/www.aubigny-sologne.com\/en\/#website"},"datePublished":"2020-08-17T10:59:16+00:00","dateModified":"2021-04-21T09:51:23+00:00","description":"L'office de tourisme \u00e0 c\u0153ur de vous informer sur les activit\u00e9s, sites, bonnes adresses afin de pr\u00e9parer et passer un excellent s\u00e9jour en Sauldre et Sologne.","breadcrumb":{"@id":"https:\/\/www.aubigny-sologne.com\/en\/je-morganise\/mes-infos-pratiques\/loffice-de-tourisme-a-votre-service\/#breadcrumb"},"inLanguage":"en-GB","potentialAction":[{"@type":"ReadAction","target":["https:\/\/www.aubigny-sologne.com\/en\/je-morganise\/mes-infos-pratiques\/loffice-de-tourisme-a-votre-service\/"]}]},{"@type":"BreadcrumbList","@id":"https:\/\/www.aubigny-sologne.com\/en\/je-morganise\/mes-infos-pratiques\/loffice-de-tourisme-a-votre-service\/#breadcrumb","itemListElement":[{"@type":"ListItem","position":1,"name":"Accueil","item":"https:\/\/www.aubigny-sologne.com\/en\/"},{"@type":"ListItem","position":2,"name":"To organize","item":"https:\/\/www.aubigny-sologne.com\/en\/je-morganise\/"},{"@type":"ListItem","position":3,"name":"Practical information","item":"https:\/\/www.aubigny-sologne.com\/en\/je-morganise\/mes-infos-pratiques\/"},{"@type":"ListItem","position":4,"name":"The tourist office at your service"}]},{"@type":"WebSite","@id":"https:\/\/www.aubigny-sologne.com\/en\/#website","url":"https:\/\/www.aubigny-sologne.com\/en\/","name":"Sauldre et Sologne Inter-communal Tourist Office","description":"","potentialAction":[{"@type":"SearchAction","target":{"@type":"EntryPoint","urlTemplate":"https:\/\/www.aubigny-sologne.com\/en\/?s={search_term_string}"},"query-input":"required name=search_term_string"}],"inLanguage":"en-GB"}]}},"_links":{"self":[{"href":"https:\/\/www.aubigny-sologne.com\/en\/wp-json\/wp\/v2\/pages\/177"}],"collection":[{"href":"https:\/\/www.aubigny-sologne.com\/en\/wp-json\/wp\/v2\/pages"}],"about":[{"href":"https:\/\/www.aubigny-sologne.com\/en\/wp-json\/wp\/v2\/types\/page"}],"author":[{"embeddable":true,"href":"https:\/\/www.aubigny-sologne.com\/en\/wp-json\/wp\/v2\/users\/1"}],"replies":[{"embeddable":true,"href":"https:\/\/www.aubigny-sologne.com\/en\/wp-json\/wp\/v2\/comments?post=177"}],"version-history":[{"count":6,"href":"https:\/\/www.aubigny-sologne.com\/en\/wp-json\/wp\/v2\/pages\/177\/revisions"}],"predecessor-version":[{"id":8176,"href":"https:\/\/www.aubigny-sologne.com\/en\/wp-json\/wp\/v2\/pages\/177\/revisions\/8176"}],"up":[{"embeddable":true,"href":"https:\/\/www.aubigny-sologne.com\/en\/wp-json\/wp\/v2\/pages\/95"}],"wp:featuredmedia":[{"embeddable":true,"href":"https:\/\/www.aubigny-sologne.com\/en\/wp-json\/wp\/v2\/media\/3051"}],"wp:attachment":[{"href":"https:\/\/www.aubigny-sologne.com\/en\/wp-json\/wp\/v2\/media?parent=177"}],"curies":[{"name":"wp","href":"https:\/\/api.w.org\/{rel}","templated":true}]}}