{"id":127,"date":"2020-08-17T11:59:16","date_gmt":"2020-08-17T10:59:16","guid":{"rendered":"https:\/\/www.aubigny-sologne.com\/en\/des-eglises-atypiques\/"},"modified":"2021-07-29T17:02:39","modified_gmt":"2021-07-29T15:02:39","slug":"des-eglises-atypiques","status":"publish","type":"page","link":"https:\/\/www.aubigny-sologne.com\/en\/jexplore\/pierres-precieuses\/des-eglises-atypiques\/","title":{"rendered":"Outstanding churches"},"content":{"rendered":"\n<p>In the 13 villages of the <strong>Sauldre and Sologne<\/strong> area, there are 14 religious buildings. Most of them were built during the XIIIth century; 3 of them were named after St Martin, widely spread in Berry, and 2 others after St Etienne (Stephen) such as the Bourges cathedral.<\/p>\n\n\n\n<p>Each of them has its own story.<\/p>\n\n\n\n<h2><strong>St Andr\u00e9 (Andrew) church<\/strong>, Argent-sur-Sauldre<\/h2>\n\n\n\n<p>When this church was built in the XIIIth century on the castle grounds, it was considered as its chapel. It still has remains of XIIIth, XVth, and XIXth centuries. The nave dates from the XIIIth century, the oratories ,the apse, the choir and the bell tower from the XVth century. After years of dammages, the building was restaored in the XIXth century. This place is also used for cultural events such as \u00ab&nbsp;musical September&nbsp;\u00bb. In 1944, it was listed in the French Heritage as a \u00ab&nbsp;<strong>historical monument&nbsp;<\/strong>\u00bb<\/p>\n\n\n\n<blockquote class=\"wp-block-quote\"><p>The church is also used for cultural events such as the annual festival <strong>\u00ab Musical September&nbsp;\u00bb<\/strong>.<\/p><\/blockquote>\n\n\n\n<h2><strong>St Martin church<\/strong>, Aubigny-sur-N\u00e8re<\/h2>\n\n\n\n<p>This church whose protector is St Martin, bishop of Tours, IVth century (more than 4000 churches are dedicated to him), goes back to the IXth century. The southern side door dates from the XIIth century, but the aisle and the nave date from the XIIIth century. During the 100 years war, it was set on fire twice&nbsp;by the English (1356 &amp; 1412). Afterwards it was restored and extended by the Stuarts of <strong>Aubigny<\/strong> during the XVth and the XVIth century. A little before 1500, the square porch tower was placed next to the nave. The oratories and the choir were ordered by Robert Stuart after the 1512 fire. His coat of arms is represented on a key stone which might go back to 1517 or 1527.<\/p>\n\n\n\n<blockquote class=\"wp-block-quote\"><p>In the XVIIth century, a priest had forbidden pets inside the church, so the stone-cutter decided to sculpt his own dog on one of the walls in order to overcome this prohibition, thus you can always see a pet in the church.<\/p><\/blockquote>\n\n\n\n<p>You will notice a splendid glass roof dating back from the begining of the XVIIth century made of several stained glass windows which tell the main parts of St Martin\u2019s life. The nave is particular because of its six parts rectangular ribbed vault. Another standing point lies in the XVIIth century way-in through the bell tower which was built as a bridge over the roadway. It was erected in the place of a previous spire, struck by lightning in 1636. In spite of its many&nbsp; alterings, it is an example of a particular architecture style called \u00ab&nbsp;transition gothic&nbsp;\u00bb and listed as a Historical Monument&nbsp;since 1862.<\/p>\n\n\n\n<h2><strong>St Etienne<\/strong> (Stephen)<strong> church<\/strong>, Blancafort<\/h2>\n\n\n\n<p>The oldest remains of this church might date from XIIth century. It was then composed of a rectangular nave whose groundwork still exists. A bell-tower porch and a chevet have been added to it later on. A beautiful priory stands by its side. It has been listed as a Historical Monument since 1926.<\/p>\n\n\n\n<h2><strong>St Barth\u00e9l\u00e9my<\/strong> (Bartholomew)<strong> church<\/strong> and its porch-roof, Brinon-Sur-Sauldre<\/h2>\n\n\n\n<p>Built at the begining of the XIIth century, this Sologne church is unique in the Cher department for it has a porch-roof as an outdoor extension called \u00ab&nbsp;caquetoir&nbsp;\u00bb. In the old days, it was used as a gathering&nbsp;place to shelter parish meetings attended by the bailiff after the weekly mass. It was listed as Historical Monument in 1926.<\/p>\n\n\n\n<blockquote class=\"wp-block-quote\"><p>But the tiles of the porch-roof nowadays still echo the gossips of the women who were not admitted in the local \u00ab&nbsp;caf\u00e9&nbsp;\u00bb (pub) with the men.<\/p><\/blockquote>\n\n\n\n<h2><strong>St Etienne church<\/strong>, Cl\u00e9mont<\/h2>\n\n\n\n<p>This XVth century roman church is situated in the middle of a typical <strong>Sologne<\/strong> village. It was restored at the end of the XIXth century and listed <strong>Historical Monument<\/strong> in 1928.<\/p>\n\n\n\n<h2><strong>St Martin church<\/strong>, Ennordres<\/h2>\n\n\n\n<p>It is a XIIth century church from when still remain the choir, the transept and a side chapel which was turned into a sacristy. Except for the nave, the rest of this church was listed as a Historical Monument in 1921. Its bell-tower is a XIVth century square tower which seems to have been covered&nbsp; with a spire until the XVIIIth century but happened to be struck by lightening. The church was restored in the end of the XIXth century.<\/p>\n\n\n\n<h2><strong>St Aignan church<\/strong>, Ivoy-le-Pr\u00e9<\/h2>\n\n\n\n<p>Built in the XIIIth century thanks to Simon de Sully, lord of Ivoy-le-Pr\u00e9 and Bishop of Bourges. St Aignan (IVth century) its protector, was popular for he bravely defended the Gauls in front of Attila\u2019s invadors. The entrance door decorations were inspired by Bourges cathedral. During the XVIth century, local lords added ribbed vaulted oratories with richly historical stained windows. A modern fresco is also visible inside the baptismal chapel. Listed as a Historical monument since 1927.<\/p>\n\n\n\n<blockquote class=\"wp-block-quote\"><p>In the XVIIth century, the church vault once collapsed, but this never prevented the parishoners from meeting there, even under the rain.<\/p><\/blockquote>\n\n\n\n<h2><strong>St Jacques church<\/strong>, La Chapelle-d\u2019Angillon<\/h2>\n\n\n\n<p>In the XVIIth century, the Duke of sully ordered it to be built on the spot of a previous one situated at the foot of the castle. It is singular for it hasn\u2019t got a proper bell-tower, but a single tower which is not higher than the top of the nave of the actual church which was built opposite the castle.<\/p>\n\n\n\n<h2><strong>St Martin church<\/strong>, M\u00e9n\u00e9tr\u00e9ol-sur-Sauldre<\/h2>\n\n\n\n<p>As for Aubigny-sur-N\u00e8re, its patron is St Martin. It was built in the XIIIth century, and the only actual remains are the aisle and the goundwork of the local lord chapel which used to belong to the La Faye family. The nave and the vault date back from the XVth century and the bell tower from the XIXth century.<\/p>\n\n\n\n<h2><strong>St Firmin church<\/strong>, M\u00e9ry-es-bois<\/h2>\n\n\n\n<p>Its oldest remains might date from the XIth century but the apse only from the XVth century. Inside one can see some tombstones as well as reliquary bust of St Firmin, its protector.<\/p>\n\n\n\n<h2><strong>St Martial church<\/strong>, Oizon<\/h2>\n\n\n\n<p>St Martial was the Auvergne and Limousin patron. This church dates back from the XIIth century&nbsp;: the choir was rebuilt in the XIVth century. The transept consists in the northern and the southern oratories and was added to the rest in the XVIth century.<\/p>\n\n\n\n<h2><strong>St Caprais church<\/strong>, Presly<\/h2>\n\n\n\n<p>A first building was erected at the end of the XIIIth century, and dedicated to St Caprais. The whole building is made of bricks, the traditional materials in Sologne where limestone is very rare, which makes this church outstanding.<\/p>\n\n\n\n<h2><strong>St Montaine church<\/strong>, Sainte-Montaine<\/h2>\n\n\n\n<p>This church was named after St Montaine, a local abess who cured all types of diseases. There is a legend about a mirraculous spring just outside the village which is known to help unhappy couples who can\u2019t concieve to become parents. This church is not open to the public.<\/p>\n","protected":false},"excerpt":{"rendered":"<p>In the 13 villages of the Sauldre and Sologne area, there are 14 religious buildings. Most of them were built during the XIIIth century; 3 of them were named after St Martin, widely spread in Berry, and 2 others after St Etienne (Stephen) such as the Bourges cathedral. Each of them has its own story. [&hellip;]<\/p>\n","protected":false},"author":3,"featured_media":2635,"parent":79,"menu_order":30,"comment_status":"closed","ping_status":"closed","template":"","meta":{"_relevanssi_hide_post":"","_relevanssi_pin_for_all":"","_relevanssi_pin_keywords":"","_relevanssi_unpin_keywords":"","_relevanssi_related_keywords":"","_relevanssi_related_include_ids":"","_relevanssi_related_exclude_ids":"","_relevanssi_related_no_append":"","_relevanssi_related_not_related":"","_relevanssi_related_posts":"2315,2299,2297,2295","_relevanssi_noindex_reason":""},"acf":[],"yoast_head":"<!-- This site is optimized with the Yoast SEO plugin v19.13 - https:\/\/yoast.com\/wordpress\/plugins\/seo\/ -->\n<title>Outstanding churches - Sauldre et Sologne Inter-communal Tourist Office<\/title>\n<meta name=\"description\" content=\"In the 13 villages of the Sauldre and Sologne area, there are 14 religious buildings. Each of them has its own story... read them all !\" \/>\n<meta name=\"robots\" content=\"index, follow, max-snippet:-1, max-image-preview:large, max-video-preview:-1\" \/>\n<link rel=\"canonical\" href=\"https:\/\/www.aubigny-sologne.com\/en\/jexplore\/pierres-precieuses\/des-eglises-atypiques\/\" \/>\n<meta property=\"og:locale\" content=\"en_GB\" \/>\n<meta property=\"og:type\" content=\"article\" \/>\n<meta property=\"og:title\" content=\"Outstanding churches - Sauldre et Sologne Inter-communal Tourist Office\" \/>\n<meta property=\"og:description\" content=\"In the 13 villages of the Sauldre and Sologne area, there are 14 religious buildings. Each of them has its own story... read them all !\" \/>\n<meta property=\"og:url\" content=\"https:\/\/www.aubigny-sologne.com\/en\/jexplore\/pierres-precieuses\/des-eglises-atypiques\/\" \/>\n<meta property=\"og:site_name\" content=\"Sauldre et Sologne Inter-communal Tourist Office\" \/>\n<meta property=\"article:publisher\" content=\"https:\/\/www.facebook.com\/berrysolognetourisme\" \/>\n<meta property=\"article:modified_time\" content=\"2021-07-29T15:02:39+00:00\" \/>\n<meta property=\"og:image\" content=\"https:\/\/www.aubigny-sologne.com\/en\/wp-content\/uploads\/sites\/2\/2020\/04\/DSCF3653-Copier.jpg\" \/>\n\t<meta property=\"og:image:width\" content=\"1262\" \/>\n\t<meta property=\"og:image:height\" content=\"900\" \/>\n\t<meta property=\"og:image:type\" content=\"image\/jpeg\" \/>\n<meta name=\"twitter:card\" content=\"summary_large_image\" \/>\n<meta name=\"twitter:label1\" content=\"Estimated reading time\" \/>\n\t<meta name=\"twitter:data1\" content=\"6 minutes\" \/>\n<script type=\"application\/ld+json\" class=\"yoast-schema-graph\">{\"@context\":\"https:\/\/schema.org\",\"@graph\":[{\"@type\":\"WebPage\",\"@id\":\"https:\/\/www.aubigny-sologne.com\/en\/jexplore\/pierres-precieuses\/des-eglises-atypiques\/\",\"url\":\"https:\/\/www.aubigny-sologne.com\/en\/jexplore\/pierres-precieuses\/des-eglises-atypiques\/\",\"name\":\"Outstanding churches - Sauldre et Sologne Inter-communal Tourist Office\",\"isPartOf\":{\"@id\":\"https:\/\/www.aubigny-sologne.com\/en\/#website\"},\"datePublished\":\"2020-08-17T10:59:16+00:00\",\"dateModified\":\"2021-07-29T15:02:39+00:00\",\"description\":\"In the 13 villages of the Sauldre and Sologne area, there are 14 religious buildings. Each of them has its own story... read them all !\",\"breadcrumb\":{\"@id\":\"https:\/\/www.aubigny-sologne.com\/en\/jexplore\/pierres-precieuses\/des-eglises-atypiques\/#breadcrumb\"},\"inLanguage\":\"en-GB\",\"potentialAction\":[{\"@type\":\"ReadAction\",\"target\":[\"https:\/\/www.aubigny-sologne.com\/en\/jexplore\/pierres-precieuses\/des-eglises-atypiques\/\"]}]},{\"@type\":\"BreadcrumbList\",\"@id\":\"https:\/\/www.aubigny-sologne.com\/en\/jexplore\/pierres-precieuses\/des-eglises-atypiques\/#breadcrumb\",\"itemListElement\":[{\"@type\":\"ListItem\",\"position\":1,\"name\":\"Accueil\",\"item\":\"https:\/\/www.aubigny-sologne.com\/en\/\"},{\"@type\":\"ListItem\",\"position\":2,\"name\":\"To explore\",\"item\":\"https:\/\/www.aubigny-sologne.com\/en\/jexplore\/\"},{\"@type\":\"ListItem\",\"position\":3,\"name\":\"Gems\",\"item\":\"https:\/\/www.aubigny-sologne.com\/en\/jexplore\/pierres-precieuses\/\"},{\"@type\":\"ListItem\",\"position\":4,\"name\":\"Outstanding churches\"}]},{\"@type\":\"WebSite\",\"@id\":\"https:\/\/www.aubigny-sologne.com\/en\/#website\",\"url\":\"https:\/\/www.aubigny-sologne.com\/en\/\",\"name\":\"Sauldre et Sologne Inter-communal Tourist Office\",\"description\":\"\",\"potentialAction\":[{\"@type\":\"SearchAction\",\"target\":{\"@type\":\"EntryPoint\",\"urlTemplate\":\"https:\/\/www.aubigny-sologne.com\/en\/?s={search_term_string}\"},\"query-input\":\"required name=search_term_string\"}],\"inLanguage\":\"en-GB\"}]}<\/script>\n<!-- \/ Yoast SEO plugin. -->","yoast_head_json":{"title":"Outstanding churches - Sauldre et Sologne Inter-communal Tourist Office","description":"In the 13 villages of the Sauldre and Sologne area, there are 14 religious buildings. Each of them has its own story... read them all !","robots":{"index":"index","follow":"follow","max-snippet":"max-snippet:-1","max-image-preview":"max-image-preview:large","max-video-preview":"max-video-preview:-1"},"canonical":"https:\/\/www.aubigny-sologne.com\/en\/jexplore\/pierres-precieuses\/des-eglises-atypiques\/","og_locale":"en_GB","og_type":"article","og_title":"Outstanding churches - Sauldre et Sologne Inter-communal Tourist Office","og_description":"In the 13 villages of the Sauldre and Sologne area, there are 14 religious buildings. Each of them has its own story... read them all !","og_url":"https:\/\/www.aubigny-sologne.com\/en\/jexplore\/pierres-precieuses\/des-eglises-atypiques\/","og_site_name":"Sauldre et Sologne Inter-communal Tourist Office","article_publisher":"https:\/\/www.facebook.com\/berrysolognetourisme","article_modified_time":"2021-07-29T15:02:39+00:00","og_image":[{"width":1262,"height":900,"url":"https:\/\/www.aubigny-sologne.com\/en\/wp-content\/uploads\/sites\/2\/2020\/04\/DSCF3653-Copier.jpg","type":"image\/jpeg"}],"twitter_card":"summary_large_image","twitter_misc":{"Estimated reading time":"6 minutes"},"schema":{"@context":"https:\/\/schema.org","@graph":[{"@type":"WebPage","@id":"https:\/\/www.aubigny-sologne.com\/en\/jexplore\/pierres-precieuses\/des-eglises-atypiques\/","url":"https:\/\/www.aubigny-sologne.com\/en\/jexplore\/pierres-precieuses\/des-eglises-atypiques\/","name":"Outstanding churches - Sauldre et Sologne Inter-communal Tourist Office","isPartOf":{"@id":"https:\/\/www.aubigny-sologne.com\/en\/#website"},"datePublished":"2020-08-17T10:59:16+00:00","dateModified":"2021-07-29T15:02:39+00:00","description":"In the 13 villages of the Sauldre and Sologne area, there are 14 religious buildings. Each of them has its own story... read them all !","breadcrumb":{"@id":"https:\/\/www.aubigny-sologne.com\/en\/jexplore\/pierres-precieuses\/des-eglises-atypiques\/#breadcrumb"},"inLanguage":"en-GB","potentialAction":[{"@type":"ReadAction","target":["https:\/\/www.aubigny-sologne.com\/en\/jexplore\/pierres-precieuses\/des-eglises-atypiques\/"]}]},{"@type":"BreadcrumbList","@id":"https:\/\/www.aubigny-sologne.com\/en\/jexplore\/pierres-precieuses\/des-eglises-atypiques\/#breadcrumb","itemListElement":[{"@type":"ListItem","position":1,"name":"Accueil","item":"https:\/\/www.aubigny-sologne.com\/en\/"},{"@type":"ListItem","position":2,"name":"To explore","item":"https:\/\/www.aubigny-sologne.com\/en\/jexplore\/"},{"@type":"ListItem","position":3,"name":"Gems","item":"https:\/\/www.aubigny-sologne.com\/en\/jexplore\/pierres-precieuses\/"},{"@type":"ListItem","position":4,"name":"Outstanding churches"}]},{"@type":"WebSite","@id":"https:\/\/www.aubigny-sologne.com\/en\/#website","url":"https:\/\/www.aubigny-sologne.com\/en\/","name":"Sauldre et Sologne Inter-communal Tourist Office","description":"","potentialAction":[{"@type":"SearchAction","target":{"@type":"EntryPoint","urlTemplate":"https:\/\/www.aubigny-sologne.com\/en\/?s={search_term_string}"},"query-input":"required name=search_term_string"}],"inLanguage":"en-GB"}]}},"_links":{"self":[{"href":"https:\/\/www.aubigny-sologne.com\/en\/wp-json\/wp\/v2\/pages\/127"}],"collection":[{"href":"https:\/\/www.aubigny-sologne.com\/en\/wp-json\/wp\/v2\/pages"}],"about":[{"href":"https:\/\/www.aubigny-sologne.com\/en\/wp-json\/wp\/v2\/types\/page"}],"author":[{"embeddable":true,"href":"https:\/\/www.aubigny-sologne.com\/en\/wp-json\/wp\/v2\/users\/3"}],"replies":[{"embeddable":true,"href":"https:\/\/www.aubigny-sologne.com\/en\/wp-json\/wp\/v2\/comments?post=127"}],"version-history":[{"count":12,"href":"https:\/\/www.aubigny-sologne.com\/en\/wp-json\/wp\/v2\/pages\/127\/revisions"}],"predecessor-version":[{"id":8461,"href":"https:\/\/www.aubigny-sologne.com\/en\/wp-json\/wp\/v2\/pages\/127\/revisions\/8461"}],"up":[{"embeddable":true,"href":"https:\/\/www.aubigny-sologne.com\/en\/wp-json\/wp\/v2\/pages\/79"}],"wp:featuredmedia":[{"embeddable":true,"href":"https:\/\/www.aubigny-sologne.com\/en\/wp-json\/wp\/v2\/media\/2635"}],"wp:attachment":[{"href":"https:\/\/www.aubigny-sologne.com\/en\/wp-json\/wp\/v2\/media?parent=127"}],"curies":[{"name":"wp","href":"https:\/\/api.w.org\/{rel}","templated":true}]}}