{"id":119,"date":"2020-08-17T11:59:16","date_gmt":"2020-08-17T10:59:16","guid":{"rendered":"https:\/\/www.aubigny-sologne.com\/en\/murder-party-made-in-berry\/"},"modified":"2021-07-29T17:00:06","modified_gmt":"2021-07-29T15:00:06","slug":"murder-party-made-in-berry","status":"publish","type":"page","link":"https:\/\/www.aubigny-sologne.com\/en\/jexplore\/les-temps-forts\/murder-party-made-in-berry\/","title":{"rendered":"Murder party made in Berry"},"content":{"rendered":"\n<p>You have always dreamt of being a detective&nbsp;?&nbsp;Gathering clues and solving a criminal investigation has no secrets for you&nbsp;? Then watch out and for one evening come and try to solve the murder in the castle.<\/p>\n\n\n\n<h2><strong>Murders in the castle or when a guided&nbsp; visit turns out to be a gigantic Cluedo<\/strong><\/h2>\n\n\n\n<p>In something like 10 castles in Cher, at nightfall, some visitors gather to live a mysterious experience. At the end of day, the visitors are guided through the various rooms of the castle whe all of a sudden a yell of fright is heard and suspends the visit. <\/p>\n\n\n\n<figure class=\"wp-block-gallery alignwide columns-3 is-cropped\"><ul class=\"blocks-gallery-grid\"><li class=\"blocks-gallery-item\"><figure><a href=\"https:\/\/www.aubigny-sologne.com\/en\/wp-content\/uploads\/sites\/2\/2020\/05\/attente-d\u00e9but.jpg\"><img loading=\"lazy\" width=\"1200\" height=\"900\" data-src=\"https:\/\/www.aubigny-sologne.com\/en\/wp-content\/uploads\/sites\/2\/2020\/05\/attente-d\u00e9but-1200x900.jpg\" alt=\"Attente des visiteurs devant le mus\u00e9e des m\u00e9tiers \u00e0 Argent\" data-id=\"2986\" data-full-url=\"https:\/\/www.aubigny-sologne.com\/en\/wp-content\/uploads\/sites\/2\/2020\/05\/attente-d\u00e9but.jpg\" data-link=\"https:\/\/www.aubigny-sologne.com\/en\/attente-debut\/\" class=\"wp-image-2986\" data-srcset=\"https:\/\/www.aubigny-sologne.com\/en\/wp-content\/uploads\/sites\/2\/2020\/05\/attente-d\u00e9but-1200x900.jpg 1200w, https:\/\/www.aubigny-sologne.com\/en\/wp-content\/uploads\/sites\/2\/2020\/05\/attente-d\u00e9but-1536x1152.jpg 1536w, https:\/\/www.aubigny-sologne.com\/en\/wp-content\/uploads\/sites\/2\/2020\/05\/attente-d\u00e9but-200x150.jpg 200w, https:\/\/www.aubigny-sologne.com\/en\/wp-content\/uploads\/sites\/2\/2020\/05\/attente-d\u00e9but-400x300.jpg 400w, https:\/\/www.aubigny-sologne.com\/en\/wp-content\/uploads\/sites\/2\/2020\/05\/attente-d\u00e9but.jpg 1920w\" sizes=\"(max-width: 1200px) 100vw, 1200px\" \/><\/a><\/figure><\/li><li class=\"blocks-gallery-item\"><figure><a href=\"https:\/\/www.aubigny-sologne.com\/en\/wp-content\/uploads\/sites\/2\/2020\/05\/Crime-au-ch\u00e2teau-Meillant-Route-Jacques-Coeur.jpg\"><img loading=\"lazy\" width=\"1024\" height=\"768\" data-src=\"https:\/\/www.aubigny-sologne.com\/en\/wp-content\/uploads\/sites\/2\/2020\/05\/Crime-au-ch\u00e2teau-Meillant-Route-Jacques-Coeur.jpg\" alt=\"Photo d'un sc\u00e8ne de crime reconstitu\u00e9e avec les acteurs\" data-id=\"2967\" data-full-url=\"https:\/\/www.aubigny-sologne.com\/en\/wp-content\/uploads\/sites\/2\/2020\/05\/Crime-au-ch\u00e2teau-Meillant-Route-Jacques-Coeur.jpg\" data-link=\"https:\/\/www.aubigny-sologne.com\/en\/crime-au-chateau-meillant-route-jacques-coeur\/\" class=\"wp-image-2967\" data-srcset=\"https:\/\/www.aubigny-sologne.com\/en\/wp-content\/uploads\/sites\/2\/2020\/05\/Crime-au-ch\u00e2teau-Meillant-Route-Jacques-Coeur.jpg 1024w, https:\/\/www.aubigny-sologne.com\/en\/wp-content\/uploads\/sites\/2\/2020\/05\/Crime-au-ch\u00e2teau-Meillant-Route-Jacques-Coeur-200x150.jpg 200w, https:\/\/www.aubigny-sologne.com\/en\/wp-content\/uploads\/sites\/2\/2020\/05\/Crime-au-ch\u00e2teau-Meillant-Route-Jacques-Coeur-400x300.jpg 400w\" sizes=\"(max-width: 1024px) 100vw, 1024px\" \/><\/a><\/figure><\/li><li class=\"blocks-gallery-item\"><figure><a href=\"https:\/\/www.aubigny-sologne.com\/en\/wp-content\/uploads\/sites\/2\/2020\/05\/crime.jpg\"><img loading=\"lazy\" width=\"1200\" height=\"900\" data-src=\"https:\/\/www.aubigny-sologne.com\/en\/wp-content\/uploads\/sites\/2\/2020\/05\/crime.jpg\" alt=\"Sc\u00e8ne de crime reconstitu\u00e9e avec les visiteurs en arri\u00e8re plan\" data-id=\"2966\" data-full-url=\"https:\/\/www.aubigny-sologne.com\/en\/wp-content\/uploads\/sites\/2\/2020\/05\/crime.jpg\" data-link=\"https:\/\/www.aubigny-sologne.com\/en\/crime\/\" class=\"wp-image-2966\" data-srcset=\"https:\/\/www.aubigny-sologne.com\/en\/wp-content\/uploads\/sites\/2\/2020\/05\/crime.jpg 1200w, https:\/\/www.aubigny-sologne.com\/en\/wp-content\/uploads\/sites\/2\/2020\/05\/crime-200x150.jpg 200w, https:\/\/www.aubigny-sologne.com\/en\/wp-content\/uploads\/sites\/2\/2020\/05\/crime-400x300.jpg 400w\" sizes=\"(max-width: 1200px) 100vw, 1200px\" \/><\/a><\/figure><\/li><\/ul><\/figure>\n\n\n\n<p>The investigation can start. After an obnoxious crime has been committed, the amateur detectives will have to solve the mystery, gather exhibits, question the suspects, and find out who\u2019s guilty and the mobiles so that a jugement can be pronounced. <\/p>\n\n\n\n<p>During the investigation, all the participants are invited to a large cross-questioning room and for 2 hours they will oppose suspects and get clues together to expose the murderer.<\/p>\n\n\n\n<h2><strong>Humour, suspense and comedy as keywords<\/strong><\/h2>\n\n\n\n<p>Those kinds of unusual visits have been organized since 2012 along the \u00ab<strong>&nbsp;Route Jacques C\u0153ur<\/strong>&nbsp;\u00bb. In<strong> Sauldre and Sologne<\/strong> you can have \u00ab&nbsp;Crimes aux Ch\u00e2teaux&nbsp;\u00bb (murders in the castles) at the job museum of Argent-sur-Sauldre and at Oizon at La Verrerie castle. <\/p>\n\n\n\n<p>Those visits are animated by non-professional comedians such as the people who live in the place or maintain it. They really love their job and will be happy to share with you their passion for heritage and history. At the end of the visit you will be invited to a chat with a glass of drink. <\/p>\n\n\n\n<blockquote class=\"wp-block-quote\"><p>Humour, suspense and compedy are the keywords of those mysterious evenings, a new original way of discovering <strong>Berry&nbsp;<\/strong>heritage.<\/p><\/blockquote>\n\n\n\n<figure class=\"wp-block-gallery alignwide columns-3 is-cropped\"><ul class=\"blocks-gallery-grid\"><li class=\"blocks-gallery-item\"><figure><a href=\"https:\/\/www.aubigny-sologne.com\/en\/wp-content\/uploads\/sites\/2\/2020\/05\/33.jpg\"><img loading=\"lazy\" width=\"1024\" height=\"768\" data-src=\"https:\/\/www.aubigny-sologne.com\/en\/wp-content\/uploads\/sites\/2\/2020\/05\/33.jpg\" alt=\"Sc\u00e8ne de crime dans des escaliers\" data-id=\"2988\" data-full-url=\"https:\/\/www.aubigny-sologne.com\/en\/wp-content\/uploads\/sites\/2\/2020\/05\/33.jpg\" data-link=\"https:\/\/www.aubigny-sologne.com\/en\/minolta-digital-camera\/\" class=\"wp-image-2988\" data-srcset=\"https:\/\/www.aubigny-sologne.com\/en\/wp-content\/uploads\/sites\/2\/2020\/05\/33.jpg 1024w, https:\/\/www.aubigny-sologne.com\/en\/wp-content\/uploads\/sites\/2\/2020\/05\/33-200x150.jpg 200w, https:\/\/www.aubigny-sologne.com\/en\/wp-content\/uploads\/sites\/2\/2020\/05\/33-400x300.jpg 400w\" sizes=\"(max-width: 1024px) 100vw, 1024px\" \/><\/a><\/figure><\/li><li class=\"blocks-gallery-item\"><figure><a href=\"https:\/\/www.aubigny-sologne.com\/en\/wp-content\/uploads\/sites\/2\/2020\/05\/enqu\u00eate-Verrerie-Credit-Fred-Loriot.jpg\"><img loading=\"lazy\" width=\"1157\" height=\"768\" data-src=\"https:\/\/www.aubigny-sologne.com\/en\/wp-content\/uploads\/sites\/2\/2020\/05\/enqu\u00eate-Verrerie-Credit-Fred-Loriot.jpg\" alt=\"Tables rondes entre visiteurs\" data-id=\"2969\" data-full-url=\"https:\/\/www.aubigny-sologne.com\/en\/wp-content\/uploads\/sites\/2\/2020\/05\/enqu\u00eate-Verrerie-Credit-Fred-Loriot.jpg\" data-link=\"https:\/\/www.aubigny-sologne.com\/en\/enquete-verrerie-credit-fred-loriot\/\" class=\"wp-image-2969\" data-srcset=\"https:\/\/www.aubigny-sologne.com\/en\/wp-content\/uploads\/sites\/2\/2020\/05\/enqu\u00eate-Verrerie-Credit-Fred-Loriot.jpg 1157w, https:\/\/www.aubigny-sologne.com\/en\/wp-content\/uploads\/sites\/2\/2020\/05\/enqu\u00eate-Verrerie-Credit-Fred-Loriot-200x133.jpg 200w, https:\/\/www.aubigny-sologne.com\/en\/wp-content\/uploads\/sites\/2\/2020\/05\/enqu\u00eate-Verrerie-Credit-Fred-Loriot-400x266.jpg 400w\" sizes=\"(max-width: 1157px) 100vw, 1157px\" \/><\/a><\/figure><\/li><li class=\"blocks-gallery-item\"><figure><a href=\"https:\/\/www.aubigny-sologne.com\/en\/wp-content\/uploads\/sites\/2\/2020\/05\/Magali-Rey.jpg\"><img loading=\"lazy\" width=\"1200\" height=\"765\" data-src=\"https:\/\/www.aubigny-sologne.com\/en\/wp-content\/uploads\/sites\/2\/2020\/05\/Magali-Rey.jpg\" alt=\"Acteur gisant au sol sous un tissu en tartan\" data-id=\"2987\" data-full-url=\"https:\/\/www.aubigny-sologne.com\/en\/wp-content\/uploads\/sites\/2\/2020\/05\/Magali-Rey.jpg\" data-link=\"https:\/\/www.aubigny-sologne.com\/en\/magali-rey\/\" class=\"wp-image-2987\" data-srcset=\"https:\/\/www.aubigny-sologne.com\/en\/wp-content\/uploads\/sites\/2\/2020\/05\/Magali-Rey.jpg 1200w, https:\/\/www.aubigny-sologne.com\/en\/wp-content\/uploads\/sites\/2\/2020\/05\/Magali-Rey-200x128.jpg 200w, https:\/\/www.aubigny-sologne.com\/en\/wp-content\/uploads\/sites\/2\/2020\/05\/Magali-Rey-400x255.jpg 400w\" sizes=\"(max-width: 1200px) 100vw, 1200px\" \/><\/a><\/figure><\/li><\/ul><\/figure>\n\n\n\n<p>Come and have fun with your family, friends or collegues to get acquainted with our historically rich places.<\/p>\n\n\n\n<p>The entrance fees are around \u20ac20. Those special nights \u00ab&nbsp;murder at the castle&nbsp;\u00bb take place from February to October. For more information refer to The \u00ab&nbsp;<strong>Route Jacques C\u0153ur&nbsp;<\/strong>\u00bb website.<\/p>\n","protected":false},"excerpt":{"rendered":"<p>You have always dreamt of being a detective&nbsp;?&nbsp;Gathering clues and solving a criminal investigation has no secrets for you&nbsp;? Then watch out and for one evening come and try to solve the murder in the castle. Murders in the castle or when a guided&nbsp; visit turns out to be a gigantic Cluedo In something like [&hellip;]<\/p>\n","protected":false},"author":1,"featured_media":3267,"parent":77,"menu_order":20,"comment_status":"closed","ping_status":"closed","template":"","meta":{"_relevanssi_hide_post":"","_relevanssi_pin_for_all":"","_relevanssi_pin_keywords":"","_relevanssi_unpin_keywords":"","_relevanssi_related_keywords":"","_relevanssi_related_include_ids":"","_relevanssi_related_exclude_ids":"","_relevanssi_related_no_append":"","_relevanssi_related_not_related":"","_relevanssi_related_posts":"2295,2315,2297,2299","_relevanssi_noindex_reason":""},"acf":[],"yoast_head":"<!-- This site is optimized with the Yoast SEO plugin v19.13 - https:\/\/yoast.com\/wordpress\/plugins\/seo\/ -->\n<title>Murder party made in Berry - Sauldre et Sologne Inter-communal Tourist Office<\/title>\n<meta name=\"description\" content=\"You have always dreamt of being a detective ? Then watch out and for one evening come and try to solve the murder in the castle.\" \/>\n<meta name=\"robots\" content=\"index, follow, max-snippet:-1, max-image-preview:large, max-video-preview:-1\" \/>\n<link rel=\"canonical\" href=\"https:\/\/www.aubigny-sologne.com\/en\/jexplore\/les-temps-forts\/murder-party-made-in-berry\/\" \/>\n<meta property=\"og:locale\" content=\"en_GB\" \/>\n<meta property=\"og:type\" content=\"article\" \/>\n<meta property=\"og:title\" content=\"Murder party made in Berry - Sauldre et Sologne Inter-communal Tourist Office\" \/>\n<meta property=\"og:description\" content=\"You have always dreamt of being a detective ? Then watch out and for one evening come and try to solve the murder in the castle.\" \/>\n<meta property=\"og:url\" content=\"https:\/\/www.aubigny-sologne.com\/en\/jexplore\/les-temps-forts\/murder-party-made-in-berry\/\" \/>\n<meta property=\"og:site_name\" content=\"Sauldre et Sologne Inter-communal Tourist Office\" \/>\n<meta property=\"article:publisher\" content=\"https:\/\/www.facebook.com\/berrysolognetourisme\" \/>\n<meta property=\"article:modified_time\" content=\"2021-07-29T15:00:06+00:00\" \/>\n<meta property=\"og:image\" content=\"https:\/\/www.aubigny-sologne.com\/en\/wp-content\/uploads\/sites\/2\/2020\/05\/fingerprint-255904_1920-Copier.jpg\" \/>\n\t<meta property=\"og:image:width\" content=\"1350\" \/>\n\t<meta property=\"og:image:height\" content=\"900\" \/>\n\t<meta property=\"og:image:type\" content=\"image\/jpeg\" \/>\n<meta name=\"twitter:card\" content=\"summary_large_image\" \/>\n<meta name=\"twitter:label1\" content=\"Estimated reading time\" \/>\n\t<meta name=\"twitter:data1\" content=\"2 minutes\" \/>\n<script type=\"application\/ld+json\" class=\"yoast-schema-graph\">{\"@context\":\"https:\/\/schema.org\",\"@graph\":[{\"@type\":\"WebPage\",\"@id\":\"https:\/\/www.aubigny-sologne.com\/en\/jexplore\/les-temps-forts\/murder-party-made-in-berry\/\",\"url\":\"https:\/\/www.aubigny-sologne.com\/en\/jexplore\/les-temps-forts\/murder-party-made-in-berry\/\",\"name\":\"Murder party made in Berry - Sauldre et Sologne Inter-communal Tourist Office\",\"isPartOf\":{\"@id\":\"https:\/\/www.aubigny-sologne.com\/en\/#website\"},\"datePublished\":\"2020-08-17T10:59:16+00:00\",\"dateModified\":\"2021-07-29T15:00:06+00:00\",\"description\":\"You have always dreamt of being a detective ? Then watch out and for one evening come and try to solve the murder in the castle.\",\"breadcrumb\":{\"@id\":\"https:\/\/www.aubigny-sologne.com\/en\/jexplore\/les-temps-forts\/murder-party-made-in-berry\/#breadcrumb\"},\"inLanguage\":\"en-GB\",\"potentialAction\":[{\"@type\":\"ReadAction\",\"target\":[\"https:\/\/www.aubigny-sologne.com\/en\/jexplore\/les-temps-forts\/murder-party-made-in-berry\/\"]}]},{\"@type\":\"BreadcrumbList\",\"@id\":\"https:\/\/www.aubigny-sologne.com\/en\/jexplore\/les-temps-forts\/murder-party-made-in-berry\/#breadcrumb\",\"itemListElement\":[{\"@type\":\"ListItem\",\"position\":1,\"name\":\"Accueil\",\"item\":\"https:\/\/www.aubigny-sologne.com\/en\/\"},{\"@type\":\"ListItem\",\"position\":2,\"name\":\"To explore\",\"item\":\"https:\/\/www.aubigny-sologne.com\/en\/jexplore\/\"},{\"@type\":\"ListItem\",\"position\":3,\"name\":\"The highlights\",\"item\":\"https:\/\/www.aubigny-sologne.com\/en\/jexplore\/les-temps-forts\/\"},{\"@type\":\"ListItem\",\"position\":4,\"name\":\"Murder party made in Berry\"}]},{\"@type\":\"WebSite\",\"@id\":\"https:\/\/www.aubigny-sologne.com\/en\/#website\",\"url\":\"https:\/\/www.aubigny-sologne.com\/en\/\",\"name\":\"Sauldre et Sologne Inter-communal Tourist Office\",\"description\":\"\",\"potentialAction\":[{\"@type\":\"SearchAction\",\"target\":{\"@type\":\"EntryPoint\",\"urlTemplate\":\"https:\/\/www.aubigny-sologne.com\/en\/?s={search_term_string}\"},\"query-input\":\"required name=search_term_string\"}],\"inLanguage\":\"en-GB\"}]}<\/script>\n<!-- \/ Yoast SEO plugin. -->","yoast_head_json":{"title":"Murder party made in Berry - Sauldre et Sologne Inter-communal Tourist Office","description":"You have always dreamt of being a detective ? Then watch out and for one evening come and try to solve the murder in the castle.","robots":{"index":"index","follow":"follow","max-snippet":"max-snippet:-1","max-image-preview":"max-image-preview:large","max-video-preview":"max-video-preview:-1"},"canonical":"https:\/\/www.aubigny-sologne.com\/en\/jexplore\/les-temps-forts\/murder-party-made-in-berry\/","og_locale":"en_GB","og_type":"article","og_title":"Murder party made in Berry - Sauldre et Sologne Inter-communal Tourist Office","og_description":"You have always dreamt of being a detective ? Then watch out and for one evening come and try to solve the murder in the castle.","og_url":"https:\/\/www.aubigny-sologne.com\/en\/jexplore\/les-temps-forts\/murder-party-made-in-berry\/","og_site_name":"Sauldre et Sologne Inter-communal Tourist Office","article_publisher":"https:\/\/www.facebook.com\/berrysolognetourisme","article_modified_time":"2021-07-29T15:00:06+00:00","og_image":[{"width":1350,"height":900,"url":"https:\/\/www.aubigny-sologne.com\/en\/wp-content\/uploads\/sites\/2\/2020\/05\/fingerprint-255904_1920-Copier.jpg","type":"image\/jpeg"}],"twitter_card":"summary_large_image","twitter_misc":{"Estimated reading time":"2 minutes"},"schema":{"@context":"https:\/\/schema.org","@graph":[{"@type":"WebPage","@id":"https:\/\/www.aubigny-sologne.com\/en\/jexplore\/les-temps-forts\/murder-party-made-in-berry\/","url":"https:\/\/www.aubigny-sologne.com\/en\/jexplore\/les-temps-forts\/murder-party-made-in-berry\/","name":"Murder party made in Berry - Sauldre et Sologne Inter-communal Tourist Office","isPartOf":{"@id":"https:\/\/www.aubigny-sologne.com\/en\/#website"},"datePublished":"2020-08-17T10:59:16+00:00","dateModified":"2021-07-29T15:00:06+00:00","description":"You have always dreamt of being a detective ? Then watch out and for one evening come and try to solve the murder in the castle.","breadcrumb":{"@id":"https:\/\/www.aubigny-sologne.com\/en\/jexplore\/les-temps-forts\/murder-party-made-in-berry\/#breadcrumb"},"inLanguage":"en-GB","potentialAction":[{"@type":"ReadAction","target":["https:\/\/www.aubigny-sologne.com\/en\/jexplore\/les-temps-forts\/murder-party-made-in-berry\/"]}]},{"@type":"BreadcrumbList","@id":"https:\/\/www.aubigny-sologne.com\/en\/jexplore\/les-temps-forts\/murder-party-made-in-berry\/#breadcrumb","itemListElement":[{"@type":"ListItem","position":1,"name":"Accueil","item":"https:\/\/www.aubigny-sologne.com\/en\/"},{"@type":"ListItem","position":2,"name":"To explore","item":"https:\/\/www.aubigny-sologne.com\/en\/jexplore\/"},{"@type":"ListItem","position":3,"name":"The highlights","item":"https:\/\/www.aubigny-sologne.com\/en\/jexplore\/les-temps-forts\/"},{"@type":"ListItem","position":4,"name":"Murder party made in Berry"}]},{"@type":"WebSite","@id":"https:\/\/www.aubigny-sologne.com\/en\/#website","url":"https:\/\/www.aubigny-sologne.com\/en\/","name":"Sauldre et Sologne Inter-communal Tourist Office","description":"","potentialAction":[{"@type":"SearchAction","target":{"@type":"EntryPoint","urlTemplate":"https:\/\/www.aubigny-sologne.com\/en\/?s={search_term_string}"},"query-input":"required name=search_term_string"}],"inLanguage":"en-GB"}]}},"_links":{"self":[{"href":"https:\/\/www.aubigny-sologne.com\/en\/wp-json\/wp\/v2\/pages\/119"}],"collection":[{"href":"https:\/\/www.aubigny-sologne.com\/en\/wp-json\/wp\/v2\/pages"}],"about":[{"href":"https:\/\/www.aubigny-sologne.com\/en\/wp-json\/wp\/v2\/types\/page"}],"author":[{"embeddable":true,"href":"https:\/\/www.aubigny-sologne.com\/en\/wp-json\/wp\/v2\/users\/1"}],"replies":[{"embeddable":true,"href":"https:\/\/www.aubigny-sologne.com\/en\/wp-json\/wp\/v2\/comments?post=119"}],"version-history":[{"count":6,"href":"https:\/\/www.aubigny-sologne.com\/en\/wp-json\/wp\/v2\/pages\/119\/revisions"}],"predecessor-version":[{"id":8456,"href":"https:\/\/www.aubigny-sologne.com\/en\/wp-json\/wp\/v2\/pages\/119\/revisions\/8456"}],"up":[{"embeddable":true,"href":"https:\/\/www.aubigny-sologne.com\/en\/wp-json\/wp\/v2\/pages\/77"}],"wp:featuredmedia":[{"embeddable":true,"href":"https:\/\/www.aubigny-sologne.com\/en\/wp-json\/wp\/v2\/media\/3267"}],"wp:attachment":[{"href":"https:\/\/www.aubigny-sologne.com\/en\/wp-json\/wp\/v2\/media?parent=119"}],"curies":[{"name":"wp","href":"https:\/\/api.w.org\/{rel}","templated":true}]}}