{"id":117,"date":"2020-08-17T11:59:16","date_gmt":"2020-08-17T10:59:16","guid":{"rendered":"https:\/\/www.aubigny-sologne.com\/en\/les-fetes-medievales\/"},"modified":"2021-07-29T16:59:22","modified_gmt":"2021-07-29T14:59:22","slug":"les-fetes-medievales","status":"publish","type":"page","link":"https:\/\/www.aubigny-sologne.com\/en\/jexplore\/les-temps-forts\/les-fetes-medievales\/","title":{"rendered":"The medieval feasts"},"content":{"rendered":"\n<p>Damsels and young squires, if you are fond of knights fights, middle-age costumes or feasting at a banquet livened up with music and shows, do not miss the <strong>Medieval Feasts<\/strong> of <strong>La Chapelle-d\u2019Angillon<\/strong>.<\/p>\n\n\n\n<h2><strong>Diving right into the middle-age period<\/strong><\/h2>\n\n\n\n<p>For 10 years now every first weekend of September has been devoted to the middle-age lovers at <strong>La Chapelle-d\u2019Angillon<\/strong>.<\/p>\n\n\n\n<figure class=\"wp-block-gallery alignwide columns-2 is-cropped\"><ul class=\"blocks-gallery-grid\"><li class=\"blocks-gallery-item\"><figure><a href=\"https:\/\/www.aubigny-sologne.com\/en\/wp-content\/uploads\/sites\/2\/2020\/05\/01092018-433A3115-Copier.jpg\"><img loading=\"lazy\" width=\"900\" height=\"600\" data-src=\"https:\/\/www.aubigny-sologne.com\/en\/wp-content\/uploads\/sites\/2\/2020\/05\/01092018-433A3115-Copier.jpg\" alt=\"Spectacle de saltimbanques avec une foule\" data-id=\"2926\" data-full-url=\"https:\/\/www.aubigny-sologne.com\/en\/wp-content\/uploads\/sites\/2\/2020\/05\/01092018-433A3115-Copier.jpg\" data-link=\"https:\/\/www.aubigny-sologne.com\/en\/01092018-433a3115-copier\/\" class=\"wp-image-2926\" data-srcset=\"https:\/\/www.aubigny-sologne.com\/en\/wp-content\/uploads\/sites\/2\/2020\/05\/01092018-433A3115-Copier.jpg 900w, https:\/\/www.aubigny-sologne.com\/en\/wp-content\/uploads\/sites\/2\/2020\/05\/01092018-433A3115-Copier-200x133.jpg 200w, https:\/\/www.aubigny-sologne.com\/en\/wp-content\/uploads\/sites\/2\/2020\/05\/01092018-433A3115-Copier-400x267.jpg 400w, https:\/\/www.aubigny-sologne.com\/en\/wp-content\/uploads\/sites\/2\/2020\/05\/01092018-433A3115-Copier-780x520.jpg 780w\" sizes=\"(max-width: 900px) 100vw, 900px\" \/><\/a><\/figure><\/li><li class=\"blocks-gallery-item\"><figure><a href=\"https:\/\/www.aubigny-sologne.com\/en\/wp-content\/uploads\/sites\/2\/2020\/05\/02092018-IMG_4017-Copier.jpg\"><img loading=\"lazy\" width=\"900\" height=\"600\" data-src=\"https:\/\/www.aubigny-sologne.com\/en\/wp-content\/uploads\/sites\/2\/2020\/05\/02092018-IMG_4017-Copier.jpg\" alt=\"Photo d'un spectacle en plein air\" data-id=\"2929\" data-full-url=\"https:\/\/www.aubigny-sologne.com\/en\/wp-content\/uploads\/sites\/2\/2020\/05\/02092018-IMG_4017-Copier.jpg\" data-link=\"https:\/\/www.aubigny-sologne.com\/en\/02092018-img_4017-copier\/\" class=\"wp-image-2929\" data-srcset=\"https:\/\/www.aubigny-sologne.com\/en\/wp-content\/uploads\/sites\/2\/2020\/05\/02092018-IMG_4017-Copier.jpg 900w, https:\/\/www.aubigny-sologne.com\/en\/wp-content\/uploads\/sites\/2\/2020\/05\/02092018-IMG_4017-Copier-200x133.jpg 200w, https:\/\/www.aubigny-sologne.com\/en\/wp-content\/uploads\/sites\/2\/2020\/05\/02092018-IMG_4017-Copier-400x267.jpg 400w, https:\/\/www.aubigny-sologne.com\/en\/wp-content\/uploads\/sites\/2\/2020\/05\/02092018-IMG_4017-Copier-780x520.jpg 780w\" sizes=\"(max-width: 900px) 100vw, 900px\" \/><\/a><\/figure><\/li><\/ul><\/figure>\n\n\n\n<p>During two days, the castle parkland brings about a travel back in the past, and the castle ground is transformed into a medieval battle camp. More than 40 troops gather here to experiment the middle-ages way of life.<\/p>\n\n\n\n<p>Come and take part in the exhibitions of obsolete jobs, observe the way they used to make the armours, weaved wool or made wickerwork.<\/p>\n\n\n\n\n<div class=\"wp-block-highlight clear\">\n    \n    <img data-src=\"https:\/\/www.aubigny-sologne.com\/en\/wp-content\/themes\/sauldresologne\/assets\/dist\/images\/interface\/patterns\/pattern2.svg\" alt=\"\" aria-hidden=\"true\">\n\n            <h3 class=\"wp-block-highlight-item wp-block-highlight-title\">B\u00e9hourd fighting<\/h3>\n    \n    <p class=\"wp-block-highlight-item wp-block-highlight-excerpt\">You may also be interested in \u00ab b\u00e9hourd fighting \u00bb : this is a spectacular martial art from the middle ages where the fighters wear a complete armour and hold medieval weapons. The fights are organised according to very precise rules and oppose 2 fighters or entire teams. A team is proclamed winner when all the opponents lie on the ground. In order to avoid injuries, blows made with the cutting edges or the pointed ends of the blades are forbidden as well as the blows on one\u2019s feet,\u00a0nape or behind one\u2019s knees.<\/p>\n<\/div>\n\n\n<figure class=\"wp-block-gallery alignwide columns-3 is-cropped\"><ul class=\"blocks-gallery-grid\"><li class=\"blocks-gallery-item\"><figure><a href=\"https:\/\/www.aubigny-sologne.com\/en\/wp-content\/uploads\/sites\/2\/2020\/04\/01092018-433A3311-Copier.jpg\"><img loading=\"lazy\" width=\"1200\" height=\"800\" data-src=\"https:\/\/www.aubigny-sologne.com\/en\/wp-content\/uploads\/sites\/2\/2020\/04\/01092018-433A3311-Copier-1200x800.jpg\" alt=\"Comabat de chevalier lors des f\u00eates m\u00e9di\u00e9vales de la Chapelle d'Angillon\" data-id=\"2628\" data-full-url=\"https:\/\/www.aubigny-sologne.com\/en\/wp-content\/uploads\/sites\/2\/2020\/04\/01092018-433A3311-Copier.jpg\" data-link=\"https:\/\/www.aubigny-sologne.com\/en\/jexplore\/les-temps-forts\/les-fetes-medievales\/01092018-433a3311-copier\/\" class=\"wp-image-2628\" data-srcset=\"https:\/\/www.aubigny-sologne.com\/en\/wp-content\/uploads\/sites\/2\/2020\/04\/01092018-433A3311-Copier-1200x800.jpg 1200w, https:\/\/www.aubigny-sologne.com\/en\/wp-content\/uploads\/sites\/2\/2020\/04\/01092018-433A3311-Copier-200x133.jpg 200w, https:\/\/www.aubigny-sologne.com\/en\/wp-content\/uploads\/sites\/2\/2020\/04\/01092018-433A3311-Copier-400x267.jpg 400w, https:\/\/www.aubigny-sologne.com\/en\/wp-content\/uploads\/sites\/2\/2020\/04\/01092018-433A3311-Copier-780x520.jpg 780w, https:\/\/www.aubigny-sologne.com\/en\/wp-content\/uploads\/sites\/2\/2020\/04\/01092018-433A3311-Copier.jpg 1350w\" sizes=\"(max-width: 1200px) 100vw, 1200px\" \/><\/a><\/figure><\/li><li class=\"blocks-gallery-item\"><figure><a href=\"https:\/\/www.aubigny-sologne.com\/en\/wp-content\/uploads\/sites\/2\/2020\/04\/IMG_9209.jpg\"><img loading=\"lazy\" width=\"1200\" height=\"800\" data-src=\"https:\/\/www.aubigny-sologne.com\/en\/wp-content\/uploads\/sites\/2\/2020\/04\/IMG_9209-1200x800.jpg\" alt=\"Combatant de b\u00e9hourd \u00e0 terre\" data-id=\"2629\" data-full-url=\"https:\/\/www.aubigny-sologne.com\/en\/wp-content\/uploads\/sites\/2\/2020\/04\/IMG_9209.jpg\" data-link=\"https:\/\/www.aubigny-sologne.com\/en\/jexplore\/les-temps-forts\/les-fetes-medievales\/img_9209\/\" class=\"wp-image-2629\" data-srcset=\"https:\/\/www.aubigny-sologne.com\/en\/wp-content\/uploads\/sites\/2\/2020\/04\/IMG_9209-1200x800.jpg 1200w, https:\/\/www.aubigny-sologne.com\/en\/wp-content\/uploads\/sites\/2\/2020\/04\/IMG_9209-1536x1024.jpg 1536w, https:\/\/www.aubigny-sologne.com\/en\/wp-content\/uploads\/sites\/2\/2020\/04\/IMG_9209-200x133.jpg 200w, https:\/\/www.aubigny-sologne.com\/en\/wp-content\/uploads\/sites\/2\/2020\/04\/IMG_9209-400x267.jpg 400w, https:\/\/www.aubigny-sologne.com\/en\/wp-content\/uploads\/sites\/2\/2020\/04\/IMG_9209-780x520.jpg 780w, https:\/\/www.aubigny-sologne.com\/en\/wp-content\/uploads\/sites\/2\/2020\/04\/IMG_9209.jpg 1920w\" sizes=\"(max-width: 1200px) 100vw, 1200px\" \/><\/a><\/figure><\/li><li class=\"blocks-gallery-item\"><figure><a href=\"https:\/\/www.aubigny-sologne.com\/en\/wp-content\/uploads\/sites\/2\/2020\/05\/01092018-433A3529-Copie-2-Copier.jpg\"><img loading=\"lazy\" width=\"900\" height=\"600\" data-src=\"https:\/\/www.aubigny-sologne.com\/en\/wp-content\/uploads\/sites\/2\/2020\/05\/01092018-433A3529-Copie-2-Copier.jpg\" alt=\"Combat de b\u00e9hourd\" data-id=\"2930\" data-full-url=\"https:\/\/www.aubigny-sologne.com\/en\/wp-content\/uploads\/sites\/2\/2020\/05\/01092018-433A3529-Copie-2-Copier.jpg\" data-link=\"https:\/\/www.aubigny-sologne.com\/en\/01092018-433a3529-copie-2-copier\/\" class=\"wp-image-2930\" data-srcset=\"https:\/\/www.aubigny-sologne.com\/en\/wp-content\/uploads\/sites\/2\/2020\/05\/01092018-433A3529-Copie-2-Copier.jpg 900w, https:\/\/www.aubigny-sologne.com\/en\/wp-content\/uploads\/sites\/2\/2020\/05\/01092018-433A3529-Copie-2-Copier-200x133.jpg 200w, https:\/\/www.aubigny-sologne.com\/en\/wp-content\/uploads\/sites\/2\/2020\/05\/01092018-433A3529-Copie-2-Copier-400x267.jpg 400w, https:\/\/www.aubigny-sologne.com\/en\/wp-content\/uploads\/sites\/2\/2020\/05\/01092018-433A3529-Copie-2-Copier-780x520.jpg 780w\" sizes=\"(max-width: 900px) 100vw, 900px\" \/><\/a><\/figure><\/li><\/ul><\/figure>\n\n\n\n<h2><strong>Medieval night market<\/strong><\/h2>\n\n\n\n<p>Why not wander across the different camps, and stroll among the market where more than 60 stalls are waiting for your visit, and let yourself be wondered by the many animations&nbsp;: hawking shows, gigantic games and heraldry classes for children, folk dancing, axes throwing, fencing demonstrations, horse shows with voltige; all of this in a lively and joyful atmosphere with many music bands, comedians and entertainers.<\/p>\n\n\n\n<figure class=\"wp-block-gallery alignwide columns-2 is-cropped\"><ul class=\"blocks-gallery-grid\"><li class=\"blocks-gallery-item\"><figure><a href=\"https:\/\/www.aubigny-sologne.com\/en\/wp-content\/uploads\/sites\/2\/2020\/05\/IMG_2456.jpg\"><img loading=\"lazy\" width=\"960\" height=\"611\" data-src=\"https:\/\/www.aubigny-sologne.com\/en\/wp-content\/uploads\/sites\/2\/2020\/05\/IMG_2456.jpg\" alt=\"Campement pris de nuit\" data-id=\"2937\" data-full-url=\"https:\/\/www.aubigny-sologne.com\/en\/wp-content\/uploads\/sites\/2\/2020\/05\/IMG_2456.jpg\" data-link=\"https:\/\/www.aubigny-sologne.com\/en\/img_2456\/\" class=\"wp-image-2937\" data-srcset=\"https:\/\/www.aubigny-sologne.com\/en\/wp-content\/uploads\/sites\/2\/2020\/05\/IMG_2456.jpg 960w, https:\/\/www.aubigny-sologne.com\/en\/wp-content\/uploads\/sites\/2\/2020\/05\/IMG_2456-200x127.jpg 200w, https:\/\/www.aubigny-sologne.com\/en\/wp-content\/uploads\/sites\/2\/2020\/05\/IMG_2456-400x255.jpg 400w\" sizes=\"(max-width: 960px) 100vw, 960px\" \/><\/a><\/figure><\/li><li class=\"blocks-gallery-item\"><figure><a href=\"https:\/\/www.aubigny-sologne.com\/en\/wp-content\/uploads\/sites\/2\/2020\/05\/spectacle-equestre-.jpg\"><img loading=\"lazy\" width=\"960\" height=\"640\" data-src=\"https:\/\/www.aubigny-sologne.com\/en\/wp-content\/uploads\/sites\/2\/2020\/05\/spectacle-equestre-.jpg\" alt=\"Photo d'une joute \u00e9questre\" data-id=\"2938\" data-full-url=\"https:\/\/www.aubigny-sologne.com\/en\/wp-content\/uploads\/sites\/2\/2020\/05\/spectacle-equestre-.jpg\" data-link=\"https:\/\/www.aubigny-sologne.com\/en\/spectacle-equestre-2\/\" class=\"wp-image-2938\" data-srcset=\"https:\/\/www.aubigny-sologne.com\/en\/wp-content\/uploads\/sites\/2\/2020\/05\/spectacle-equestre-.jpg 960w, https:\/\/www.aubigny-sologne.com\/en\/wp-content\/uploads\/sites\/2\/2020\/05\/spectacle-equestre--200x133.jpg 200w, https:\/\/www.aubigny-sologne.com\/en\/wp-content\/uploads\/sites\/2\/2020\/05\/spectacle-equestre--400x267.jpg 400w, https:\/\/www.aubigny-sologne.com\/en\/wp-content\/uploads\/sites\/2\/2020\/05\/spectacle-equestre--780x520.jpg 780w\" sizes=\"(max-width: 960px) 100vw, 960px\" \/><\/a><\/figure><\/li><\/ul><\/figure>\n\n\n\n<blockquote class=\"wp-block-quote\"><p>Enjoy the occasion to taste hydromel or hypocras&nbsp;(middle-age specialities made of wine, honey and spices) with moderation of course&nbsp;!<\/p><\/blockquote>\n\n\n\n<p>The Saturday night program is also full of surprises with a huge banquet followed by a music concert and a night horse show, and it all comes to a summit with the fireworks over the castle lake.<\/p>\n","protected":false},"excerpt":{"rendered":"<p>Damsels and young squires, if you are fond of knights fights, middle-age costumes or feasting at a banquet livened up with music and shows, do not miss the Medieval Feasts of La Chapelle-d\u2019Angillon. Diving right into the middle-age period For 10 years now every first weekend of September has been devoted to the middle-age lovers [&hellip;]<\/p>\n","protected":false},"author":3,"featured_media":2628,"parent":77,"menu_order":0,"comment_status":"closed","ping_status":"closed","template":"","meta":{"_relevanssi_hide_post":"","_relevanssi_pin_for_all":"","_relevanssi_pin_keywords":"","_relevanssi_unpin_keywords":"","_relevanssi_related_keywords":"","_relevanssi_related_include_ids":"","_relevanssi_related_exclude_ids":"","_relevanssi_related_no_append":"","_relevanssi_related_not_related":"","_relevanssi_related_posts":"2315,2299,2295,2297","_relevanssi_noindex_reason":""},"acf":[],"yoast_head":"<!-- This site is optimized with the Yoast SEO plugin v19.13 - https:\/\/yoast.com\/wordpress\/plugins\/seo\/ -->\n<title>The medieval feasts - Sauldre et Sologne Inter-communal Tourist Office<\/title>\n<meta name=\"description\" content=\"Knights fights, middle-age costumes or feasting at a banquet livened up with music and shows... do not miss the Medieval Feasts of La Chapelle-d\u2019Angillon !\" \/>\n<meta name=\"robots\" content=\"index, follow, max-snippet:-1, max-image-preview:large, max-video-preview:-1\" \/>\n<link rel=\"canonical\" href=\"https:\/\/www.aubigny-sologne.com\/en\/jexplore\/les-temps-forts\/les-fetes-medievales\/\" \/>\n<meta property=\"og:locale\" content=\"en_GB\" \/>\n<meta property=\"og:type\" content=\"article\" \/>\n<meta property=\"og:title\" content=\"The medieval feasts - Sauldre et Sologne Inter-communal Tourist Office\" \/>\n<meta property=\"og:description\" content=\"Knights fights, middle-age costumes or feasting at a banquet livened up with music and shows... do not miss the Medieval Feasts of La Chapelle-d\u2019Angillon !\" \/>\n<meta property=\"og:url\" content=\"https:\/\/www.aubigny-sologne.com\/en\/jexplore\/les-temps-forts\/les-fetes-medievales\/\" \/>\n<meta property=\"og:site_name\" content=\"Sauldre et Sologne Inter-communal Tourist Office\" \/>\n<meta property=\"article:publisher\" content=\"https:\/\/www.facebook.com\/berrysolognetourisme\" \/>\n<meta property=\"article:modified_time\" content=\"2021-07-29T14:59:22+00:00\" \/>\n<meta property=\"og:image\" content=\"https:\/\/www.aubigny-sologne.com\/en\/wp-content\/uploads\/sites\/2\/2020\/04\/01092018-433A3311-Copier.jpg\" \/>\n\t<meta property=\"og:image:width\" content=\"1350\" \/>\n\t<meta property=\"og:image:height\" content=\"900\" \/>\n\t<meta property=\"og:image:type\" content=\"image\/jpeg\" \/>\n<meta name=\"twitter:card\" content=\"summary_large_image\" \/>\n<meta name=\"twitter:label1\" content=\"Estimated reading time\" \/>\n\t<meta name=\"twitter:data1\" content=\"1 minute\" \/>\n<script type=\"application\/ld+json\" class=\"yoast-schema-graph\">{\"@context\":\"https:\/\/schema.org\",\"@graph\":[{\"@type\":\"WebPage\",\"@id\":\"https:\/\/www.aubigny-sologne.com\/en\/jexplore\/les-temps-forts\/les-fetes-medievales\/\",\"url\":\"https:\/\/www.aubigny-sologne.com\/en\/jexplore\/les-temps-forts\/les-fetes-medievales\/\",\"name\":\"The medieval feasts - Sauldre et Sologne Inter-communal Tourist Office\",\"isPartOf\":{\"@id\":\"https:\/\/www.aubigny-sologne.com\/en\/#website\"},\"datePublished\":\"2020-08-17T10:59:16+00:00\",\"dateModified\":\"2021-07-29T14:59:22+00:00\",\"description\":\"Knights fights, middle-age costumes or feasting at a banquet livened up with music and shows... do not miss the Medieval Feasts of La Chapelle-d\u2019Angillon !\",\"breadcrumb\":{\"@id\":\"https:\/\/www.aubigny-sologne.com\/en\/jexplore\/les-temps-forts\/les-fetes-medievales\/#breadcrumb\"},\"inLanguage\":\"en-GB\",\"potentialAction\":[{\"@type\":\"ReadAction\",\"target\":[\"https:\/\/www.aubigny-sologne.com\/en\/jexplore\/les-temps-forts\/les-fetes-medievales\/\"]}]},{\"@type\":\"BreadcrumbList\",\"@id\":\"https:\/\/www.aubigny-sologne.com\/en\/jexplore\/les-temps-forts\/les-fetes-medievales\/#breadcrumb\",\"itemListElement\":[{\"@type\":\"ListItem\",\"position\":1,\"name\":\"Accueil\",\"item\":\"https:\/\/www.aubigny-sologne.com\/en\/\"},{\"@type\":\"ListItem\",\"position\":2,\"name\":\"To explore\",\"item\":\"https:\/\/www.aubigny-sologne.com\/en\/jexplore\/\"},{\"@type\":\"ListItem\",\"position\":3,\"name\":\"The highlights\",\"item\":\"https:\/\/www.aubigny-sologne.com\/en\/jexplore\/les-temps-forts\/\"},{\"@type\":\"ListItem\",\"position\":4,\"name\":\"The medieval feasts\"}]},{\"@type\":\"WebSite\",\"@id\":\"https:\/\/www.aubigny-sologne.com\/en\/#website\",\"url\":\"https:\/\/www.aubigny-sologne.com\/en\/\",\"name\":\"Sauldre et Sologne Inter-communal Tourist Office\",\"description\":\"\",\"potentialAction\":[{\"@type\":\"SearchAction\",\"target\":{\"@type\":\"EntryPoint\",\"urlTemplate\":\"https:\/\/www.aubigny-sologne.com\/en\/?s={search_term_string}\"},\"query-input\":\"required name=search_term_string\"}],\"inLanguage\":\"en-GB\"}]}<\/script>\n<!-- \/ Yoast SEO plugin. -->","yoast_head_json":{"title":"The medieval feasts - Sauldre et Sologne Inter-communal Tourist Office","description":"Knights fights, middle-age costumes or feasting at a banquet livened up with music and shows... do not miss the Medieval Feasts of La Chapelle-d\u2019Angillon !","robots":{"index":"index","follow":"follow","max-snippet":"max-snippet:-1","max-image-preview":"max-image-preview:large","max-video-preview":"max-video-preview:-1"},"canonical":"https:\/\/www.aubigny-sologne.com\/en\/jexplore\/les-temps-forts\/les-fetes-medievales\/","og_locale":"en_GB","og_type":"article","og_title":"The medieval feasts - Sauldre et Sologne Inter-communal Tourist Office","og_description":"Knights fights, middle-age costumes or feasting at a banquet livened up with music and shows... do not miss the Medieval Feasts of La Chapelle-d\u2019Angillon !","og_url":"https:\/\/www.aubigny-sologne.com\/en\/jexplore\/les-temps-forts\/les-fetes-medievales\/","og_site_name":"Sauldre et Sologne Inter-communal Tourist Office","article_publisher":"https:\/\/www.facebook.com\/berrysolognetourisme","article_modified_time":"2021-07-29T14:59:22+00:00","og_image":[{"width":1350,"height":900,"url":"https:\/\/www.aubigny-sologne.com\/en\/wp-content\/uploads\/sites\/2\/2020\/04\/01092018-433A3311-Copier.jpg","type":"image\/jpeg"}],"twitter_card":"summary_large_image","twitter_misc":{"Estimated reading time":"1 minute"},"schema":{"@context":"https:\/\/schema.org","@graph":[{"@type":"WebPage","@id":"https:\/\/www.aubigny-sologne.com\/en\/jexplore\/les-temps-forts\/les-fetes-medievales\/","url":"https:\/\/www.aubigny-sologne.com\/en\/jexplore\/les-temps-forts\/les-fetes-medievales\/","name":"The medieval feasts - Sauldre et Sologne Inter-communal Tourist Office","isPartOf":{"@id":"https:\/\/www.aubigny-sologne.com\/en\/#website"},"datePublished":"2020-08-17T10:59:16+00:00","dateModified":"2021-07-29T14:59:22+00:00","description":"Knights fights, middle-age costumes or feasting at a banquet livened up with music and shows... do not miss the Medieval Feasts of La Chapelle-d\u2019Angillon !","breadcrumb":{"@id":"https:\/\/www.aubigny-sologne.com\/en\/jexplore\/les-temps-forts\/les-fetes-medievales\/#breadcrumb"},"inLanguage":"en-GB","potentialAction":[{"@type":"ReadAction","target":["https:\/\/www.aubigny-sologne.com\/en\/jexplore\/les-temps-forts\/les-fetes-medievales\/"]}]},{"@type":"BreadcrumbList","@id":"https:\/\/www.aubigny-sologne.com\/en\/jexplore\/les-temps-forts\/les-fetes-medievales\/#breadcrumb","itemListElement":[{"@type":"ListItem","position":1,"name":"Accueil","item":"https:\/\/www.aubigny-sologne.com\/en\/"},{"@type":"ListItem","position":2,"name":"To explore","item":"https:\/\/www.aubigny-sologne.com\/en\/jexplore\/"},{"@type":"ListItem","position":3,"name":"The highlights","item":"https:\/\/www.aubigny-sologne.com\/en\/jexplore\/les-temps-forts\/"},{"@type":"ListItem","position":4,"name":"The medieval feasts"}]},{"@type":"WebSite","@id":"https:\/\/www.aubigny-sologne.com\/en\/#website","url":"https:\/\/www.aubigny-sologne.com\/en\/","name":"Sauldre et Sologne Inter-communal Tourist Office","description":"","potentialAction":[{"@type":"SearchAction","target":{"@type":"EntryPoint","urlTemplate":"https:\/\/www.aubigny-sologne.com\/en\/?s={search_term_string}"},"query-input":"required name=search_term_string"}],"inLanguage":"en-GB"}]}},"_links":{"self":[{"href":"https:\/\/www.aubigny-sologne.com\/en\/wp-json\/wp\/v2\/pages\/117"}],"collection":[{"href":"https:\/\/www.aubigny-sologne.com\/en\/wp-json\/wp\/v2\/pages"}],"about":[{"href":"https:\/\/www.aubigny-sologne.com\/en\/wp-json\/wp\/v2\/types\/page"}],"author":[{"embeddable":true,"href":"https:\/\/www.aubigny-sologne.com\/en\/wp-json\/wp\/v2\/users\/3"}],"replies":[{"embeddable":true,"href":"https:\/\/www.aubigny-sologne.com\/en\/wp-json\/wp\/v2\/comments?post=117"}],"version-history":[{"count":6,"href":"https:\/\/www.aubigny-sologne.com\/en\/wp-json\/wp\/v2\/pages\/117\/revisions"}],"predecessor-version":[{"id":8454,"href":"https:\/\/www.aubigny-sologne.com\/en\/wp-json\/wp\/v2\/pages\/117\/revisions\/8454"}],"up":[{"embeddable":true,"href":"https:\/\/www.aubigny-sologne.com\/en\/wp-json\/wp\/v2\/pages\/77"}],"wp:featuredmedia":[{"embeddable":true,"href":"https:\/\/www.aubigny-sologne.com\/en\/wp-json\/wp\/v2\/media\/2628"}],"wp:attachment":[{"href":"https:\/\/www.aubigny-sologne.com\/en\/wp-json\/wp\/v2\/media?parent=117"}],"curies":[{"name":"wp","href":"https:\/\/api.w.org\/{rel}","templated":true}]}}