{"id":113,"date":"2020-08-17T11:59:16","date_gmt":"2020-08-17T10:59:16","guid":{"rendered":"https:\/\/www.aubigny-sologne.com\/en\/spots-de-balades\/"},"modified":"2020-09-10T14:39:34","modified_gmt":"2020-09-10T12:39:34","slug":"spots-de-balades","status":"publish","type":"page","link":"https:\/\/www.aubigny-sologne.com\/en\/jexplore\/retour-a-la-nature\/spots-de-balades\/","title":{"rendered":"Suggested outings"},"content":{"rendered":"\n<p>From the <strong>Sologne<\/strong> forests down to the magical banks of the <strong>Sauldre river<\/strong>&nbsp;: you will only have to let yourself wander to discover an enchanting world where nature and culture meet in harmony.<\/p>\n\n\n\n<p>The <strong>Sologne and Sauldre<\/strong> countryside is an ideal playground for nature enthusiasts or people fond of open air activities. It is definitely suitable for hiking, horseriding, cycling\u2026 On your way you will\u00a0come upon a wild and swarming nature, or\u00a0buildings of interest\u00a0: witnesses of a rich and fascinating past and don\u2019t forget to taste the local foodstuff and home-made products.<\/p>\n\n\n\n<h2><strong>Horseriding<\/strong><\/h2>\n\n\n\n<p>However advanced your level is, our tracks agree with horseriding and can suit all types of horseriding\u00a0: wether individual or in groups with the assistance of a guide, they are all adapted for carriages. This will enable you to get acquainted with our territory at a walk, at a trot or at a gallop.\u00a0Our waymarked paths are part of a 700 kilometers network established by the <strong>Sancerre-Sologne country<\/strong> administrators together with the Department commitee for <strong>horseriding tourism<\/strong> <strong>of Cher<\/strong> and the <strong>Sologne paths society altogether<\/strong>. Some local professionnals have selected 13 tours marked out by many accomodation spots and places of interest.<\/p>\n\n\n\n<figure class=\"wp-block-gallery alignfull columns-3 is-cropped\"><ul class=\"blocks-gallery-grid\"><li class=\"blocks-gallery-item\"><figure><a href=\"https:\/\/www.aubigny-sologne.com\/en\/wp-content\/uploads\/sites\/2\/2020\/04\/Equitation_Sologne_03_DTemplier-Copier.jpg\"><img loading=\"lazy\" width=\"900\" height=\"600\" data-src=\"https:\/\/www.aubigny-sologne.com\/en\/wp-content\/uploads\/sites\/2\/2020\/04\/Equitation_Sologne_03_DTemplier-Copier.jpg\" alt=\"Balade \u00e9questre en Sologne\" data-id=\"2661\" data-full-url=\"https:\/\/www.aubigny-sologne.com\/en\/wp-content\/uploads\/sites\/2\/2020\/04\/Equitation_Sologne_03_DTemplier-Copier.jpg\" data-link=\"https:\/\/www.aubigny-sologne.com\/en\/jexplore\/retour-a-la-nature\/spots-de-balades\/sologne\/\" class=\"wp-image-2661\" data-srcset=\"https:\/\/www.aubigny-sologne.com\/en\/wp-content\/uploads\/sites\/2\/2020\/04\/Equitation_Sologne_03_DTemplier-Copier.jpg 900w, https:\/\/www.aubigny-sologne.com\/en\/wp-content\/uploads\/sites\/2\/2020\/04\/Equitation_Sologne_03_DTemplier-Copier-200x133.jpg 200w, https:\/\/www.aubigny-sologne.com\/en\/wp-content\/uploads\/sites\/2\/2020\/04\/Equitation_Sologne_03_DTemplier-Copier-400x267.jpg 400w, https:\/\/www.aubigny-sologne.com\/en\/wp-content\/uploads\/sites\/2\/2020\/04\/Equitation_Sologne_03_DTemplier-Copier-780x520.jpg 780w\" sizes=\"(max-width: 900px) 100vw, 900px\" \/><\/a><\/figure><\/li><li class=\"blocks-gallery-item\"><figure><a href=\"https:\/\/www.aubigny-sologne.com\/en\/wp-content\/uploads\/wpetourisme\/chevbrinon--DSC025536.jpg\"><img data-src=\"https:\/\/www.aubigny-sologne.com\/en\/wp-content\/uploads\/wpetourisme\/chevbrinon--DSC025536-1200x797.jpg\" alt=\"Balade \u00e0 cheval dans une rivi\u00e8re\" data-id=\"3089\" data-full-url=\"https:\/\/www.aubigny-sologne.com\/en\/wp-content\/uploads\/wpetourisme\/chevbrinon--DSC025536.jpg\" data-link=\"https:\/\/www.aubigny-sologne.com\/en\/itineraire\/la-grande-sauldre\/chevbrinon-dsc025536\/\" class=\"wp-image-3089\" \/><\/a><\/figure><\/li><li class=\"blocks-gallery-item\"><figure><a href=\"https:\/\/www.aubigny-sologne.com\/en\/wp-content\/uploads\/wpetourisme\/chevaubi--DEF0193110.jpg\"><img data-src=\"https:\/\/www.aubigny-sologne.com\/en\/wp-content\/uploads\/wpetourisme\/chevaubi--DEF0193110-1200x797.jpg\" alt=\"Balade \u00e0 cheval devant la Maison Fran\u00e7ois 1er\" data-id=\"3085\" data-full-url=\"https:\/\/www.aubigny-sologne.com\/en\/wp-content\/uploads\/wpetourisme\/chevaubi--DEF0193110.jpg\" data-link=\"https:\/\/www.aubigny-sologne.com\/en\/itineraire\/le-canal-de-la-sauldre\/chevaubi-def0193110\/\" class=\"wp-image-3085\" \/><\/a><\/figure><\/li><\/ul><\/figure>\n\n\n\n<h2>Hiking<\/h2>\n\n\n\n<p>On the current or as you\u00a0happen to cope upon a pond or through a forest, there are plenty of paths that will lead you to discover our beautiful country. Every track will invite you to contemplation and wonderment\u00a0: nature, culture, architecture whatsoever, our heritage is in reach of all kinds of hikers either beginners or advanced.<\/p>\n\n\n\n<figure class=\"wp-block-gallery alignwide columns-2 is-cropped\"><ul class=\"blocks-gallery-grid\"><li class=\"blocks-gallery-item\"><figure><a href=\"https:\/\/www.aubigny-sologne.com\/en\/wp-content\/uploads\/sites\/2\/2020\/05\/Foret_Sologne_19_DTemplier-Copier.jpg\"><img loading=\"lazy\" width=\"900\" height=\"600\" data-src=\"https:\/\/www.aubigny-sologne.com\/en\/wp-content\/uploads\/sites\/2\/2020\/05\/Foret_Sologne_19_DTemplier-Copier.jpg\" alt=\"Promenade en for\u00eat de Sologne\" data-id=\"2866\" data-link=\"https:\/\/www.aubigny-sologne.com\/en\/jexplore\/retour-a-la-nature\/spots-de-balades\/sologne-2\/\" class=\"wp-image-2866\" data-srcset=\"https:\/\/www.aubigny-sologne.com\/en\/wp-content\/uploads\/sites\/2\/2020\/05\/Foret_Sologne_19_DTemplier-Copier.jpg 900w, https:\/\/www.aubigny-sologne.com\/en\/wp-content\/uploads\/sites\/2\/2020\/05\/Foret_Sologne_19_DTemplier-Copier-200x133.jpg 200w, https:\/\/www.aubigny-sologne.com\/en\/wp-content\/uploads\/sites\/2\/2020\/05\/Foret_Sologne_19_DTemplier-Copier-400x267.jpg 400w, https:\/\/www.aubigny-sologne.com\/en\/wp-content\/uploads\/sites\/2\/2020\/05\/Foret_Sologne_19_DTemplier-Copier-780x520.jpg 780w\" sizes=\"(max-width: 900px) 100vw, 900px\" \/><\/a><\/figure><\/li><li class=\"blocks-gallery-item\"><figure><a href=\"https:\/\/www.aubigny-sologne.com\/en\/wp-content\/uploads\/sites\/2\/2020\/05\/IMG_0141-Copier.jpg\"><img loading=\"lazy\" width=\"900\" height=\"600\" data-src=\"https:\/\/www.aubigny-sologne.com\/en\/wp-content\/uploads\/sites\/2\/2020\/05\/IMG_0141-Copier.jpg\" alt=\"\" data-id=\"2867\" data-full-url=\"https:\/\/www.aubigny-sologne.com\/en\/wp-content\/uploads\/sites\/2\/2020\/05\/IMG_0141-Copier.jpg\" data-link=\"https:\/\/www.aubigny-sologne.com\/en\/jexplore\/retour-a-la-nature\/spots-de-balades\/img_0141-copier\/\" class=\"wp-image-2867\" data-srcset=\"https:\/\/www.aubigny-sologne.com\/en\/wp-content\/uploads\/sites\/2\/2020\/05\/IMG_0141-Copier.jpg 900w, https:\/\/www.aubigny-sologne.com\/en\/wp-content\/uploads\/sites\/2\/2020\/05\/IMG_0141-Copier-200x133.jpg 200w, https:\/\/www.aubigny-sologne.com\/en\/wp-content\/uploads\/sites\/2\/2020\/05\/IMG_0141-Copier-400x267.jpg 400w, https:\/\/www.aubigny-sologne.com\/en\/wp-content\/uploads\/sites\/2\/2020\/05\/IMG_0141-Copier-780x520.jpg 780w\" sizes=\"(max-width: 900px) 100vw, 900px\" \/><\/a><\/figure><\/li><\/ul><\/figure>\n\n\n\n<h3><strong>The blue footpath&nbsp;(Sente bleue): <\/strong>hiking along the Sauldre canal&nbsp;<\/h3>\n\n\n\n<p>On a distance of 47 kilometers from Blancafort to Lamotte Beuvron (Loir-et-Cher), you can tread on the \u00ab\u00a0<strong>Sente bleue<\/strong>\u00a0\u00bb by the bank of the Sauldre canal. It goes past the pond called \u00ab\u00a0l\u2019Etang du Puits\u00a0\u00bb (the well) and will take you across typical villages from <strong>Sologne<\/strong>.<\/p>\n\n\n\n<h3><strong>The green footpath (Sente verte)<\/strong> <\/h3>\n\n\n\n<p>The green footpath is a storal track along the railway from <strong>Bourges<\/strong> to Sully-sur-Loire. It crosses our area and enables the hikers to enjoy the Sologne landscapes and also to follow on <strong>Alain Fournier<\/strong>\u2019s footsteps at <strong>La Chapelle-d\u2019Angillon<\/strong> or on Nicolas Leblanc\u2019s at <strong>Ivoy-le-Pr\u00e9.<\/strong><\/p>\n\n\n\n<h2>Cycling<\/h2>\n\n\n\n<p>The <strong>cycling tracks<\/strong> will appeal to the travellers who are looking for active holidays on uncrowded minor roads or dirt tracks. A biking stay lets people free to discover whole parts of a country in an independant way. One can progress according to\u00a0his own rate and take time to enjoy landscapes or casual encounters. For those who wish to bike effortlessly, electric bikes are available at the<strong> tourist office<\/strong>.<\/p>\n\n\n\n<figure class=\"wp-block-gallery alignfull columns-3 is-cropped\"><ul class=\"blocks-gallery-grid\"><li class=\"blocks-gallery-item\"><figure><a href=\"https:\/\/www.aubigny-sologne.com\/en\/wp-content\/uploads\/sites\/2\/2020\/04\/Ingrannes_8184_JDamase-Copier.jpg\"><img loading=\"lazy\" width=\"1200\" height=\"801\" data-src=\"https:\/\/www.aubigny-sologne.com\/en\/wp-content\/uploads\/sites\/2\/2020\/04\/Ingrannes_8184_JDamase-Copier-1200x801.jpg\" alt=\"Cyclotouristes arr\u00eat\u00e9s au bord d'un \u00e9tang de Sologne\" data-id=\"2676\" data-full-url=\"https:\/\/www.aubigny-sologne.com\/en\/wp-content\/uploads\/sites\/2\/2020\/04\/Ingrannes_8184_JDamase-Copier.jpg\" data-link=\"https:\/\/www.aubigny-sologne.com\/en\/jexplore\/retour-a-la-nature\/spots-de-balades\/ingrannes-itinerance-a-velo-dans-la-region-centre-dep45-comite-regional-du-tourisme-centre-val-de-loire-france\/\" class=\"wp-image-2676\" data-srcset=\"https:\/\/www.aubigny-sologne.com\/en\/wp-content\/uploads\/sites\/2\/2020\/04\/Ingrannes_8184_JDamase-Copier-1200x801.jpg 1200w, https:\/\/www.aubigny-sologne.com\/en\/wp-content\/uploads\/sites\/2\/2020\/04\/Ingrannes_8184_JDamase-Copier-200x134.jpg 200w, https:\/\/www.aubigny-sologne.com\/en\/wp-content\/uploads\/sites\/2\/2020\/04\/Ingrannes_8184_JDamase-Copier-400x267.jpg 400w, https:\/\/www.aubigny-sologne.com\/en\/wp-content\/uploads\/sites\/2\/2020\/04\/Ingrannes_8184_JDamase-Copier-780x520.jpg 780w, https:\/\/www.aubigny-sologne.com\/en\/wp-content\/uploads\/sites\/2\/2020\/04\/Ingrannes_8184_JDamase-Copier.jpg 1348w\" sizes=\"(max-width: 1200px) 100vw, 1200px\" \/><\/a><\/figure><\/li><li class=\"blocks-gallery-item\"><figure><a href=\"https:\/\/www.aubigny-sologne.com\/en\/wp-content\/uploads\/sites\/2\/2020\/04\/CycloGrpe18_06md_RET_XPardessus-Copier.jpg\"><img loading=\"lazy\" width=\"1200\" height=\"800\" data-src=\"https:\/\/www.aubigny-sologne.com\/en\/wp-content\/uploads\/sites\/2\/2020\/04\/CycloGrpe18_06md_RET_XPardessus-Copier-1200x800.jpg\" alt=\"Balade \u00e0 v\u00e9lo en famille au coucher de soleil\" data-id=\"2672\" data-full-url=\"https:\/\/www.aubigny-sologne.com\/en\/wp-content\/uploads\/sites\/2\/2020\/04\/CycloGrpe18_06md_RET_XPardessus-Copier.jpg\" data-link=\"https:\/\/www.aubigny-sologne.com\/en\/jexplore\/retour-a-la-nature\/spots-de-balades\/x-pardessus-crt-centre-val-de-loire\/\" class=\"wp-image-2672\" data-srcset=\"https:\/\/www.aubigny-sologne.com\/en\/wp-content\/uploads\/sites\/2\/2020\/04\/CycloGrpe18_06md_RET_XPardessus-Copier-1200x800.jpg 1200w, https:\/\/www.aubigny-sologne.com\/en\/wp-content\/uploads\/sites\/2\/2020\/04\/CycloGrpe18_06md_RET_XPardessus-Copier-200x133.jpg 200w, https:\/\/www.aubigny-sologne.com\/en\/wp-content\/uploads\/sites\/2\/2020\/04\/CycloGrpe18_06md_RET_XPardessus-Copier-400x267.jpg 400w, https:\/\/www.aubigny-sologne.com\/en\/wp-content\/uploads\/sites\/2\/2020\/04\/CycloGrpe18_06md_RET_XPardessus-Copier-780x520.jpg 780w, https:\/\/www.aubigny-sologne.com\/en\/wp-content\/uploads\/sites\/2\/2020\/04\/CycloGrpe18_06md_RET_XPardessus-Copier.jpg 1350w\" sizes=\"(max-width: 1200px) 100vw, 1200px\" \/><\/a><\/figure><\/li><li class=\"blocks-gallery-item\"><figure><a href=\"https:\/\/www.aubigny-sologne.com\/en\/wp-content\/uploads\/sites\/2\/2020\/04\/Brenne_EtangdeGabriau_7653_DDarrault_CRTCentreValdeLoire-Copier.jpg\"><img loading=\"lazy\" width=\"1200\" height=\"800\" data-src=\"https:\/\/www.aubigny-sologne.com\/en\/wp-content\/uploads\/sites\/2\/2020\/04\/Brenne_EtangdeGabriau_7653_DDarrault_CRTCentreValdeLoire-Copier-1200x800.jpg\" alt=\"Balade \u00e0 v\u00e9lo en famille au coucher du soleil\" data-id=\"2669\" data-full-url=\"https:\/\/www.aubigny-sologne.com\/en\/wp-content\/uploads\/sites\/2\/2020\/04\/Brenne_EtangdeGabriau_7653_DDarrault_CRTCentreValdeLoire-Copier.jpg\" data-link=\"https:\/\/www.aubigny-sologne.com\/en\/jexplore\/retour-a-la-nature\/spots-de-balades\/brenne_etangdegabriau_7653_ddarrault_crtcentrevaldeloire-copier\/\" class=\"wp-image-2669\" data-srcset=\"https:\/\/www.aubigny-sologne.com\/en\/wp-content\/uploads\/sites\/2\/2020\/04\/Brenne_EtangdeGabriau_7653_DDarrault_CRTCentreValdeLoire-Copier-1200x800.jpg 1200w, https:\/\/www.aubigny-sologne.com\/en\/wp-content\/uploads\/sites\/2\/2020\/04\/Brenne_EtangdeGabriau_7653_DDarrault_CRTCentreValdeLoire-Copier-200x133.jpg 200w, https:\/\/www.aubigny-sologne.com\/en\/wp-content\/uploads\/sites\/2\/2020\/04\/Brenne_EtangdeGabriau_7653_DDarrault_CRTCentreValdeLoire-Copier-400x267.jpg 400w, https:\/\/www.aubigny-sologne.com\/en\/wp-content\/uploads\/sites\/2\/2020\/04\/Brenne_EtangdeGabriau_7653_DDarrault_CRTCentreValdeLoire-Copier-780x520.jpg 780w, https:\/\/www.aubigny-sologne.com\/en\/wp-content\/uploads\/sites\/2\/2020\/04\/Brenne_EtangdeGabriau_7653_DDarrault_CRTCentreValdeLoire-Copier.jpg 1350w\" sizes=\"(max-width: 1200px) 100vw, 1200px\" \/><\/a><\/figure><\/li><\/ul><\/figure>\n\n\n\n<h2><strong>Boating&nbsp;and step-paddling (in summer)<\/strong><\/h2>\n\n\n\n<p>You feel like drifting on the water&nbsp;? In the middle of nowhere let yourself go with the current with your family or friends on an <strong>electric boat<\/strong> for a couple of hours or a whole day long along the <strong>Sauldre canal<\/strong> at <strong>Argent-sur-Sauldre<\/strong>.<\/p>\n\n\n\n<figure class=\"wp-block-gallery alignwide columns-3 is-cropped\"><ul class=\"blocks-gallery-grid\"><li class=\"blocks-gallery-item\"><figure><a href=\"https:\/\/www.aubigny-sologne.com\/en\/wp-content\/uploads\/sites\/2\/2020\/05\/bateau-Copier.jpg\"><img loading=\"lazy\" width=\"1200\" height=\"798\" data-src=\"https:\/\/www.aubigny-sologne.com\/en\/wp-content\/uploads\/sites\/2\/2020\/05\/bateau-Copier-1200x798.jpg\" alt=\"Balade en b\u00e2teau le long du canal de la Sauldre\" data-id=\"2863\" data-full-url=\"https:\/\/www.aubigny-sologne.com\/en\/wp-content\/uploads\/sites\/2\/2020\/05\/bateau-Copier.jpg\" data-link=\"https:\/\/www.aubigny-sologne.com\/en\/jexplore\/retour-a-la-nature\/spots-de-balades\/bateau-copier\/\" class=\"wp-image-2863\" data-srcset=\"https:\/\/www.aubigny-sologne.com\/en\/wp-content\/uploads\/sites\/2\/2020\/05\/bateau-Copier-1200x798.jpg 1200w, https:\/\/www.aubigny-sologne.com\/en\/wp-content\/uploads\/sites\/2\/2020\/05\/bateau-Copier-1536x1021.jpg 1536w, https:\/\/www.aubigny-sologne.com\/en\/wp-content\/uploads\/sites\/2\/2020\/05\/bateau-Copier-200x133.jpg 200w, https:\/\/www.aubigny-sologne.com\/en\/wp-content\/uploads\/sites\/2\/2020\/05\/bateau-Copier-400x266.jpg 400w, https:\/\/www.aubigny-sologne.com\/en\/wp-content\/uploads\/sites\/2\/2020\/05\/bateau-Copier-780x520.jpg 780w, https:\/\/www.aubigny-sologne.com\/en\/wp-content\/uploads\/sites\/2\/2020\/05\/bateau-Copier.jpg 1625w\" sizes=\"(max-width: 1200px) 100vw, 1200px\" \/><\/a><\/figure><\/li><li class=\"blocks-gallery-item\"><figure><a href=\"https:\/\/www.aubigny-sologne.com\/en\/wp-content\/uploads\/sites\/2\/2020\/07\/IMG_7710.jpg\"><img loading=\"lazy\" width=\"1200\" height=\"800\" data-src=\"https:\/\/www.aubigny-sologne.com\/en\/wp-content\/uploads\/sites\/2\/2020\/07\/IMG_7710.jpg\" alt=\"La Marine\" data-id=\"4929\" data-full-url=\"https:\/\/www.aubigny-sologne.com\/en\/wp-content\/uploads\/sites\/2\/2020\/07\/IMG_7710.jpg\" data-link=\"https:\/\/www.aubigny-sologne.com\/en\/jexplore\/retour-a-la-nature\/spots-de-balades\/img_7710\/\" class=\"wp-image-4929\" data-srcset=\"https:\/\/www.aubigny-sologne.com\/en\/wp-content\/uploads\/sites\/2\/2020\/07\/IMG_7710.jpg 1200w, https:\/\/www.aubigny-sologne.com\/en\/wp-content\/uploads\/sites\/2\/2020\/07\/IMG_7710-200x133.jpg 200w, https:\/\/www.aubigny-sologne.com\/en\/wp-content\/uploads\/sites\/2\/2020\/07\/IMG_7710-400x267.jpg 400w, https:\/\/www.aubigny-sologne.com\/en\/wp-content\/uploads\/sites\/2\/2020\/07\/IMG_7710-780x520.jpg 780w\" sizes=\"(max-width: 1200px) 100vw, 1200px\" \/><\/a><\/figure><\/li><li class=\"blocks-gallery-item\"><figure><a href=\"https:\/\/www.aubigny-sologne.com\/en\/wp-content\/uploads\/sites\/2\/2020\/07\/00-1.jpg\"><img loading=\"lazy\" width=\"1103\" height=\"1200\" data-src=\"https:\/\/www.aubigny-sologne.com\/en\/wp-content\/uploads\/sites\/2\/2020\/07\/00-1-1103x1200.jpg\" alt=\"balade en bateau \u00e9lectrique\" data-id=\"4931\" data-full-url=\"https:\/\/www.aubigny-sologne.com\/en\/wp-content\/uploads\/sites\/2\/2020\/07\/00-1.jpg\" data-link=\"https:\/\/www.aubigny-sologne.com\/en\/jexplore\/retour-a-la-nature\/spots-de-balades\/00-3\/\" class=\"wp-image-4931\" data-srcset=\"https:\/\/www.aubigny-sologne.com\/en\/wp-content\/uploads\/sites\/2\/2020\/07\/00-1-1103x1200.jpg 1103w, https:\/\/www.aubigny-sologne.com\/en\/wp-content\/uploads\/sites\/2\/2020\/07\/00-1-200x218.jpg 200w, https:\/\/www.aubigny-sologne.com\/en\/wp-content\/uploads\/sites\/2\/2020\/07\/00-1-400x435.jpg 400w, https:\/\/www.aubigny-sologne.com\/en\/wp-content\/uploads\/sites\/2\/2020\/07\/00-1.jpg 1200w\" sizes=\"(max-width: 1103px) 100vw, 1103px\" \/><\/a><\/figure><\/li><\/ul><\/figure>\n\n\n\n<ul><li>Booking office tel. number&nbsp;: 02 48 58 40 20<\/li><\/ul>\n\n\n\n<p><\/p>\n","protected":false},"excerpt":{"rendered":"<p>From the Sologne forests down to the magical banks of the Sauldre river&nbsp;: you will only have to let yourself wander to discover an enchanting world where nature and culture meet in harmony. The Sologne and Sauldre countryside is an ideal playground for nature enthusiasts or people fond of open air activities. It is definitely [&hellip;]<\/p>\n","protected":false},"author":3,"featured_media":3343,"parent":75,"menu_order":20,"comment_status":"closed","ping_status":"closed","template":"","meta":{"_relevanssi_hide_post":"","_relevanssi_pin_for_all":"","_relevanssi_pin_keywords":"","_relevanssi_unpin_keywords":"","_relevanssi_related_keywords":"","_relevanssi_related_include_ids":"","_relevanssi_related_exclude_ids":"","_relevanssi_related_no_append":"","_relevanssi_related_not_related":"","_relevanssi_related_posts":"2299,2297,2315,2295","_relevanssi_noindex_reason":""},"acf":[],"yoast_head":"<!-- This site is optimized with the Yoast SEO plugin v19.13 - https:\/\/yoast.com\/wordpress\/plugins\/seo\/ -->\n<title>Suggested outings - Sauldre et Sologne Inter-communal Tourist Office<\/title>\n<meta name=\"description\" content=\"The woods of Sologne, the Sauldre canal... let yourself be guided by this beautiful sphere where nature and culture are one.\" \/>\n<meta name=\"robots\" content=\"index, follow, max-snippet:-1, max-image-preview:large, max-video-preview:-1\" \/>\n<link rel=\"canonical\" href=\"https:\/\/www.aubigny-sologne.com\/en\/jexplore\/retour-a-la-nature\/spots-de-balades\/\" \/>\n<meta property=\"og:locale\" content=\"en_GB\" \/>\n<meta property=\"og:type\" content=\"article\" \/>\n<meta property=\"og:title\" content=\"Suggested outings - Sauldre et Sologne Inter-communal Tourist Office\" \/>\n<meta property=\"og:description\" content=\"The woods of Sologne, the Sauldre canal... let yourself be guided by this beautiful sphere where nature and culture are one.\" \/>\n<meta property=\"og:url\" content=\"https:\/\/www.aubigny-sologne.com\/en\/jexplore\/retour-a-la-nature\/spots-de-balades\/\" \/>\n<meta property=\"og:site_name\" content=\"Sauldre et Sologne Inter-communal Tourist Office\" \/>\n<meta property=\"article:publisher\" content=\"https:\/\/www.facebook.com\/berrysolognetourisme\" \/>\n<meta property=\"article:modified_time\" content=\"2020-09-10T12:39:34+00:00\" \/>\n<meta property=\"og:image\" content=\"https:\/\/www.aubigny-sologne.com\/en\/wp-content\/uploads\/sites\/2\/2020\/05\/Sologne_EtangLong_5395_DDarrault_.jpg\" \/>\n\t<meta property=\"og:image:width\" content=\"388\" \/>\n\t<meta property=\"og:image:height\" content=\"306\" \/>\n\t<meta property=\"og:image:type\" content=\"image\/jpeg\" \/>\n<meta name=\"twitter:card\" content=\"summary_large_image\" \/>\n<meta name=\"twitter:label1\" content=\"Estimated reading time\" \/>\n\t<meta name=\"twitter:data1\" content=\"2 minutes\" \/>\n<script type=\"application\/ld+json\" class=\"yoast-schema-graph\">{\"@context\":\"https:\/\/schema.org\",\"@graph\":[{\"@type\":\"WebPage\",\"@id\":\"https:\/\/www.aubigny-sologne.com\/en\/jexplore\/retour-a-la-nature\/spots-de-balades\/\",\"url\":\"https:\/\/www.aubigny-sologne.com\/en\/jexplore\/retour-a-la-nature\/spots-de-balades\/\",\"name\":\"Suggested outings - Sauldre et Sologne Inter-communal Tourist Office\",\"isPartOf\":{\"@id\":\"https:\/\/www.aubigny-sologne.com\/en\/#website\"},\"datePublished\":\"2020-08-17T10:59:16+00:00\",\"dateModified\":\"2020-09-10T12:39:34+00:00\",\"description\":\"The woods of Sologne, the Sauldre canal... let yourself be guided by this beautiful sphere where nature and culture are one.\",\"breadcrumb\":{\"@id\":\"https:\/\/www.aubigny-sologne.com\/en\/jexplore\/retour-a-la-nature\/spots-de-balades\/#breadcrumb\"},\"inLanguage\":\"en-GB\",\"potentialAction\":[{\"@type\":\"ReadAction\",\"target\":[\"https:\/\/www.aubigny-sologne.com\/en\/jexplore\/retour-a-la-nature\/spots-de-balades\/\"]}]},{\"@type\":\"BreadcrumbList\",\"@id\":\"https:\/\/www.aubigny-sologne.com\/en\/jexplore\/retour-a-la-nature\/spots-de-balades\/#breadcrumb\",\"itemListElement\":[{\"@type\":\"ListItem\",\"position\":1,\"name\":\"Accueil\",\"item\":\"https:\/\/www.aubigny-sologne.com\/en\/\"},{\"@type\":\"ListItem\",\"position\":2,\"name\":\"To explore\",\"item\":\"https:\/\/www.aubigny-sologne.com\/en\/jexplore\/\"},{\"@type\":\"ListItem\",\"position\":3,\"name\":\"Coming back close to nature\",\"item\":\"https:\/\/www.aubigny-sologne.com\/en\/jexplore\/retour-a-la-nature\/\"},{\"@type\":\"ListItem\",\"position\":4,\"name\":\"Suggested outings\"}]},{\"@type\":\"WebSite\",\"@id\":\"https:\/\/www.aubigny-sologne.com\/en\/#website\",\"url\":\"https:\/\/www.aubigny-sologne.com\/en\/\",\"name\":\"Sauldre et Sologne Inter-communal Tourist Office\",\"description\":\"\",\"potentialAction\":[{\"@type\":\"SearchAction\",\"target\":{\"@type\":\"EntryPoint\",\"urlTemplate\":\"https:\/\/www.aubigny-sologne.com\/en\/?s={search_term_string}\"},\"query-input\":\"required name=search_term_string\"}],\"inLanguage\":\"en-GB\"}]}<\/script>\n<!-- \/ Yoast SEO plugin. -->","yoast_head_json":{"title":"Suggested outings - Sauldre et Sologne Inter-communal Tourist Office","description":"The woods of Sologne, the Sauldre canal... let yourself be guided by this beautiful sphere where nature and culture are one.","robots":{"index":"index","follow":"follow","max-snippet":"max-snippet:-1","max-image-preview":"max-image-preview:large","max-video-preview":"max-video-preview:-1"},"canonical":"https:\/\/www.aubigny-sologne.com\/en\/jexplore\/retour-a-la-nature\/spots-de-balades\/","og_locale":"en_GB","og_type":"article","og_title":"Suggested outings - Sauldre et Sologne Inter-communal Tourist Office","og_description":"The woods of Sologne, the Sauldre canal... let yourself be guided by this beautiful sphere where nature and culture are one.","og_url":"https:\/\/www.aubigny-sologne.com\/en\/jexplore\/retour-a-la-nature\/spots-de-balades\/","og_site_name":"Sauldre et Sologne Inter-communal Tourist Office","article_publisher":"https:\/\/www.facebook.com\/berrysolognetourisme","article_modified_time":"2020-09-10T12:39:34+00:00","og_image":[{"width":388,"height":306,"url":"https:\/\/www.aubigny-sologne.com\/en\/wp-content\/uploads\/sites\/2\/2020\/05\/Sologne_EtangLong_5395_DDarrault_.jpg","type":"image\/jpeg"}],"twitter_card":"summary_large_image","twitter_misc":{"Estimated reading time":"2 minutes"},"schema":{"@context":"https:\/\/schema.org","@graph":[{"@type":"WebPage","@id":"https:\/\/www.aubigny-sologne.com\/en\/jexplore\/retour-a-la-nature\/spots-de-balades\/","url":"https:\/\/www.aubigny-sologne.com\/en\/jexplore\/retour-a-la-nature\/spots-de-balades\/","name":"Suggested outings - Sauldre et Sologne Inter-communal Tourist Office","isPartOf":{"@id":"https:\/\/www.aubigny-sologne.com\/en\/#website"},"datePublished":"2020-08-17T10:59:16+00:00","dateModified":"2020-09-10T12:39:34+00:00","description":"The woods of Sologne, the Sauldre canal... let yourself be guided by this beautiful sphere where nature and culture are one.","breadcrumb":{"@id":"https:\/\/www.aubigny-sologne.com\/en\/jexplore\/retour-a-la-nature\/spots-de-balades\/#breadcrumb"},"inLanguage":"en-GB","potentialAction":[{"@type":"ReadAction","target":["https:\/\/www.aubigny-sologne.com\/en\/jexplore\/retour-a-la-nature\/spots-de-balades\/"]}]},{"@type":"BreadcrumbList","@id":"https:\/\/www.aubigny-sologne.com\/en\/jexplore\/retour-a-la-nature\/spots-de-balades\/#breadcrumb","itemListElement":[{"@type":"ListItem","position":1,"name":"Accueil","item":"https:\/\/www.aubigny-sologne.com\/en\/"},{"@type":"ListItem","position":2,"name":"To explore","item":"https:\/\/www.aubigny-sologne.com\/en\/jexplore\/"},{"@type":"ListItem","position":3,"name":"Coming back close to nature","item":"https:\/\/www.aubigny-sologne.com\/en\/jexplore\/retour-a-la-nature\/"},{"@type":"ListItem","position":4,"name":"Suggested outings"}]},{"@type":"WebSite","@id":"https:\/\/www.aubigny-sologne.com\/en\/#website","url":"https:\/\/www.aubigny-sologne.com\/en\/","name":"Sauldre et Sologne Inter-communal Tourist Office","description":"","potentialAction":[{"@type":"SearchAction","target":{"@type":"EntryPoint","urlTemplate":"https:\/\/www.aubigny-sologne.com\/en\/?s={search_term_string}"},"query-input":"required name=search_term_string"}],"inLanguage":"en-GB"}]}},"_links":{"self":[{"href":"https:\/\/www.aubigny-sologne.com\/en\/wp-json\/wp\/v2\/pages\/113"}],"collection":[{"href":"https:\/\/www.aubigny-sologne.com\/en\/wp-json\/wp\/v2\/pages"}],"about":[{"href":"https:\/\/www.aubigny-sologne.com\/en\/wp-json\/wp\/v2\/types\/page"}],"author":[{"embeddable":true,"href":"https:\/\/www.aubigny-sologne.com\/en\/wp-json\/wp\/v2\/users\/3"}],"replies":[{"embeddable":true,"href":"https:\/\/www.aubigny-sologne.com\/en\/wp-json\/wp\/v2\/comments?post=113"}],"version-history":[{"count":5,"href":"https:\/\/www.aubigny-sologne.com\/en\/wp-json\/wp\/v2\/pages\/113\/revisions"}],"predecessor-version":[{"id":5215,"href":"https:\/\/www.aubigny-sologne.com\/en\/wp-json\/wp\/v2\/pages\/113\/revisions\/5215"}],"up":[{"embeddable":true,"href":"https:\/\/www.aubigny-sologne.com\/en\/wp-json\/wp\/v2\/pages\/75"}],"wp:featuredmedia":[{"embeddable":true,"href":"https:\/\/www.aubigny-sologne.com\/en\/wp-json\/wp\/v2\/media\/3343"}],"wp:attachment":[{"href":"https:\/\/www.aubigny-sologne.com\/en\/wp-json\/wp\/v2\/media?parent=113"}],"curies":[{"name":"wp","href":"https:\/\/api.w.org\/{rel}","templated":true}]}}